{"id":129,"date":"2024-09-23T13:27:00","date_gmt":"2024-09-23T13:27:00","guid":{"rendered":"http:\/\/www.ydros.com\/?page_id=129"},"modified":"2024-11-29T12:59:30","modified_gmt":"2024-11-29T12:59:30","slug":"landing","status":"publish","type":"page","link":"https:\/\/www.ydros.com\/en\/landing\/","title":{"rendered":"Neuro-Formation"},"content":{"rendered":"<div class=\"wp-block-group is-layout-flow wp-block-group-is-layout-flow\">\n<div class=\"wp-block-cover wp-duotone-333-rgb102252241-3\" style=\"padding-bottom:0px;min-height:329px;aspect-ratio:unset;\"><span aria-hidden=\"true\" class=\"wp-block-cover__background has-black-background-color has-background-dim-40 has-background-dim\"><\/span><img fetchpriority=\"high\" decoding=\"async\" width=\"1232\" height=\"768\" class=\"wp-block-cover__image-background wp-image-595\" alt=\"\" src=\"http:\/\/www.ydros.com\/wp-content\/uploads\/2024\/11\/WhatsApp-Image-2024-11-23-at-19.48.54.jpeg\" style=\"object-position:56% 56%\" data-object-fit=\"cover\" data-object-position=\"56% 56%\" srcset=\"https:\/\/www.ydros.com\/wp-content\/uploads\/2024\/11\/WhatsApp-Image-2024-11-23-at-19.48.54.jpeg 1232w, https:\/\/www.ydros.com\/wp-content\/uploads\/2024\/11\/WhatsApp-Image-2024-11-23-at-19.48.54-300x187.jpeg 300w, https:\/\/www.ydros.com\/wp-content\/uploads\/2024\/11\/WhatsApp-Image-2024-11-23-at-19.48.54-1024x638.jpeg 1024w, https:\/\/www.ydros.com\/wp-content\/uploads\/2024\/11\/WhatsApp-Image-2024-11-23-at-19.48.54-768x479.jpeg 768w, https:\/\/www.ydros.com\/wp-content\/uploads\/2024\/11\/WhatsApp-Image-2024-11-23-at-19.48.54-18x12.jpeg 18w\" sizes=\"(max-width: 1232px) 100vw, 1232px\" \/><div class=\"wp-block-cover__inner-container is-layout-flow wp-block-cover-is-layout-flow\"><header class=\"wp-block-template-part\">\n<div class=\"wp-block-group alignfull has-background-color has-white-color has-black-background-color has-text-color has-background has-link-color wp-elements-6fd3cee908f042abcaa79fa82f668406 is-layout-constrained wp-container-core-group-is-layout-23b1a4dc wp-block-group-is-layout-constrained\" style=\"padding-top:var(--wp--preset--spacing--30);padding-right:var(--wp--preset--spacing--30);padding-bottom:var(--wp--preset--spacing--30);padding-left:var(--wp--preset--spacing--30)\">\n<div class=\"wp-block-group alignfull has-background-color has-white-color has-black-background-color has-text-color has-background has-link-color wp-elements-a881e25ed7ec7be7959b43b5f0c1d5ee is-layout-constrained wp-container-core-group-is-layout-23b1a4dc wp-block-group-is-layout-constrained\" style=\"padding-top:var(--wp--preset--spacing--30);padding-right:var(--wp--preset--spacing--30);padding-bottom:var(--wp--preset--spacing--30);padding-left:var(--wp--preset--spacing--30)\">\n<div class=\"wp-block-group alignwide is-content-justification-space-between is-layout-flex wp-container-core-group-is-layout-b585a4aa wp-block-group-is-layout-flex\">\n<div class=\"wp-block-group is-layout-flex wp-block-group-is-layout-flex\"><div class=\"wp-block-site-logo\"><a href=\"https:\/\/www.ydros.com\/en\/\" class=\"custom-logo-link\" rel=\"home\"><img decoding=\"async\" width=\"37\" height=\"35\" src=\"https:\/\/www.ydros.com\/wp-content\/uploads\/2024\/09\/ydroslogofondotransparente-transformed-1.png\" class=\"custom-logo\" alt=\"YDROS\" srcset=\"https:\/\/www.ydros.com\/wp-content\/uploads\/2024\/09\/ydroslogofondotransparente-transformed-1.png 772w, https:\/\/www.ydros.com\/wp-content\/uploads\/2024\/09\/ydroslogofondotransparente-transformed-1-300x286.png 300w, https:\/\/www.ydros.com\/wp-content\/uploads\/2024\/09\/ydroslogofondotransparente-transformed-1-768x732.png 768w\" sizes=\"(max-width: 37px) 100vw, 37px\" \/><\/a><\/div>\n\n<h4 class=\"has-link-color wp-elements-d438b1fe9c786a49b4c10587c4b0bcc6 wp-block-site-title\"><a href=\"https:\/\/www.ydros.com\/en\" target=\"_self\" rel=\"home\">YDROS<\/a><\/h4><\/div>\n\n\n<nav class=\"has-small-font-size is-responsive items-justified-center wp-block-navigation is-content-justification-center is-layout-flex wp-container-core-navigation-is-layout-64ede673 wp-block-navigation-is-layout-flex\" aria-label=\"Agile Path\" \n\t\t data-wp-interactive=\"core\/navigation\" data-wp-context='{\"overlayOpenedBy\":{\"click\":false,\"hover\":false,\"focus\":false},\"type\":\"overlay\",\"roleAttribute\":\"\",\"ariaLabel\":\"Menu\"}'><button aria-haspopup=\"dialog\" aria-label=\"Open menu\" class=\"wp-block-navigation__responsive-container-open\" \n\t\t\t\tdata-wp-on--click=\"actions.openMenuOnClick\"\n\t\t\t\tdata-wp-on--keydown=\"actions.handleMenuKeydown\"\n\t\t\t><svg width=\"24\" height=\"24\" xmlns=\"http:\/\/www.w3.org\/2000\/svg\" viewbox=\"0 0 24 24\"><path d=\"M5 5v1.5h14V5H5z\"><\/path><path d=\"M5 12.8h14v-1.5H5v1.5z\"><\/path><path d=\"M5 19h14v-1.5H5V19z\"><\/path><\/svg><\/button>\n\t\t\t\t<div class=\"wp-block-navigation__responsive-container\"  id=\"modal-1\" \n\t\t\t\tdata-wp-class--has-modal-open=\"state.isMenuOpen\"\n\t\t\t\tdata-wp-class--is-menu-open=\"state.isMenuOpen\"\n\t\t\t\tdata-wp-watch=\"callbacks.initMenu\"\n\t\t\t\tdata-wp-on--keydown=\"actions.handleMenuKeydown\"\n\t\t\t\tdata-wp-on--focusout=\"actions.handleMenuFocusout\"\n\t\t\t\ttabindex=\"-1\"\n\t\t\t>\n\t\t\t\t\t<div class=\"wp-block-navigation__responsive-close\" tabindex=\"-1\">\n\t\t\t\t\t\t<div class=\"wp-block-navigation__responsive-dialog\" \n\t\t\t\tdata-wp-bind--aria-modal=\"state.ariaModal\"\n\t\t\t\tdata-wp-bind--aria-label=\"state.ariaLabel\"\n\t\t\t\tdata-wp-bind--role=\"state.roleAttribute\"\n\t\t\t>\n\t\t\t\t\t\t\t<button aria-label=\"Close menu\" class=\"wp-block-navigation__responsive-container-close\" \n\t\t\t\tdata-wp-on--click=\"actions.closeMenuOnClick\"\n\t\t\t><svg xmlns=\"http:\/\/www.w3.org\/2000\/svg\" viewbox=\"0 0 24 24\" width=\"24\" height=\"24\" aria-hidden=\"true\" focusable=\"false\"><path d=\"m13.06 12 6.47-6.47-1.06-1.06L12 10.94 5.53 4.47 4.47 5.53 10.94 12l-6.47 6.47 1.06 1.06L12 13.06l6.47 6.47 1.06-1.06L13.06 12Z\"><\/path><\/svg><\/button>\n\t\t\t\t\t\t\t<div class=\"wp-block-navigation__responsive-container-content\" \n\t\t\t\tdata-wp-watch=\"callbacks.focusFirstElement\"\n\t\t\t id=\"modal-1-content\">\n\t\t\t\t\t\t\t\t<ul class=\"wp-block-navigation__container has-small-font-size is-responsive items-justified-center wp-block-navigation has-small-font-size\"><li data-wp-context=\"{ &quot;submenuOpenedBy&quot;: { &quot;click&quot;: false, &quot;hover&quot;: false, &quot;focus&quot;: false }, &quot;type&quot;: &quot;submenu&quot;, &quot;modal&quot;: null, &quot;previousFocus&quot;: null }\" data-wp-interactive=\"core\/navigation\" data-wp-on--focusout=\"actions.handleMenuFocusout\" data-wp-on--keydown=\"actions.handleMenuKeydown\" data-wp-watch=\"callbacks.initMenu\" tabindex=\"-1\" class=\"wp-block-navigation-item has-small-font-size has-child open-on-click wp-block-navigation-submenu\"><button data-wp-bind--aria-expanded=\"state.isMenuOpen\" data-wp-on--click=\"actions.toggleMenuOnClick\" aria-label=\"SERVICES submenu\" class=\"wp-block-navigation-item__content wp-block-navigation-submenu__toggle\" ><span class=\"wp-block-navigation-item__label\">Services<\/span><\/button><span class=\"wp-block-navigation__submenu-icon\"><svg xmlns=\"http:\/\/www.w3.org\/2000\/svg\" width=\"12\" height=\"12\" viewbox=\"0 0 12 12\" fill=\"none\" aria-hidden=\"true\" focusable=\"false\"><path d=\"M1.50002 4L6.00002 8L10.5 4\" stroke-width=\"1.5\"><\/path><\/svg><\/span><ul data-wp-on--focus=\"actions.openMenuOnFocus\" class=\"wp-block-navigation__submenu-container wp-block-navigation-submenu\"><li class=\"has-small-font-size wp-block-navigation-item wp-block-navigation-link\"><a class=\"wp-block-navigation-item__content\"  href=\"http:\/\/www.ydros.com\/en\/landing\/\"><span class=\"wp-block-navigation-item__label\">Neuro-Formation<\/span><\/a><\/li><li class=\"has-small-font-size wp-block-navigation-item wp-block-navigation-link\"><a class=\"wp-block-navigation-item__content\"  href=\"http:\/\/www.ydros.com\/en\/metodologia-agiles\/\"><span class=\"wp-block-navigation-item__label\">Agile way<\/span><\/a><\/li><li class=\"has-small-font-size wp-block-navigation-item wp-block-navigation-link\"><a class=\"wp-block-navigation-item__content\"  href=\"http:\/\/www.ydros.com\/en\/landing\/people\/\"><span class=\"wp-block-navigation-item__label\">People 360\u00ba<\/span><\/a><\/li><li class=\"has-small-font-size wp-block-navigation-item wp-block-navigation-link\"><a class=\"wp-block-navigation-item__content\"  href=\"http:\/\/www.ydros.com\/en\/coaching\/\"><span class=\"wp-block-navigation-item__label\">High-Impact Coaching<\/span><\/a><\/li><\/ul><\/li><\/ul>\n\t\t\t\t\t\t\t<\/div>\n\t\t\t\t\t\t<\/div>\n\t\t\t\t\t<\/div>\n\t\t\t\t<\/div><\/nav>\n\n\n<p><a href=\"http:\/\/www.ydros.com\/en\/news\/\" data-type=\"page\" data-id=\"569\">NEWS<\/a><\/p>\n\n\n\n<div class=\"wp-block-group is-layout-flex wp-block-group-is-layout-flex\"><nav class=\"is-responsive items-justified-center wp-block-navigation is-content-justification-center is-layout-flex wp-container-core-navigation-is-layout-64ede673 wp-block-navigation-is-layout-flex\" aria-label=\"Headder\" \n\t\t data-wp-interactive=\"core\/navigation\" data-wp-context='{\"overlayOpenedBy\":{\"click\":false,\"hover\":false,\"focus\":false},\"type\":\"overlay\",\"roleAttribute\":\"\",\"ariaLabel\":\"Menu\"}'><button aria-haspopup=\"dialog\" aria-label=\"Open menu\" class=\"wp-block-navigation__responsive-container-open\" \n\t\t\t\tdata-wp-on--click=\"actions.openMenuOnClick\"\n\t\t\t\tdata-wp-on--keydown=\"actions.handleMenuKeydown\"\n\t\t\t><svg width=\"24\" height=\"24\" xmlns=\"http:\/\/www.w3.org\/2000\/svg\" viewbox=\"0 0 24 24\" aria-hidden=\"true\" focusable=\"false\"><path d=\"M4 7.5h16v1.5H4z\"><\/path><path d=\"M4 15h16v1.5H4z\"><\/path><\/svg><\/button>\n\t\t\t\t<div class=\"wp-block-navigation__responsive-container\"  id=\"modal-2\" \n\t\t\t\tdata-wp-class--has-modal-open=\"state.isMenuOpen\"\n\t\t\t\tdata-wp-class--is-menu-open=\"state.isMenuOpen\"\n\t\t\t\tdata-wp-watch=\"callbacks.initMenu\"\n\t\t\t\tdata-wp-on--keydown=\"actions.handleMenuKeydown\"\n\t\t\t\tdata-wp-on--focusout=\"actions.handleMenuFocusout\"\n\t\t\t\ttabindex=\"-1\"\n\t\t\t>\n\t\t\t\t\t<div class=\"wp-block-navigation__responsive-close\" tabindex=\"-1\">\n\t\t\t\t\t\t<div class=\"wp-block-navigation__responsive-dialog\" \n\t\t\t\tdata-wp-bind--aria-modal=\"state.ariaModal\"\n\t\t\t\tdata-wp-bind--aria-label=\"state.ariaLabel\"\n\t\t\t\tdata-wp-bind--role=\"state.roleAttribute\"\n\t\t\t>\n\t\t\t\t\t\t\t<button aria-label=\"Close menu\" class=\"wp-block-navigation__responsive-container-close\" \n\t\t\t\tdata-wp-on--click=\"actions.closeMenuOnClick\"\n\t\t\t><svg xmlns=\"http:\/\/www.w3.org\/2000\/svg\" viewbox=\"0 0 24 24\" width=\"24\" height=\"24\" aria-hidden=\"true\" focusable=\"false\"><path d=\"m13.06 12 6.47-6.47-1.06-1.06L12 10.94 5.53 4.47 4.47 5.53 10.94 12l-6.47 6.47 1.06 1.06L12 13.06l6.47 6.47 1.06-1.06L13.06 12Z\"><\/path><\/svg><\/button>\n\t\t\t\t\t\t\t<div class=\"wp-block-navigation__responsive-container-content\" \n\t\t\t\tdata-wp-watch=\"callbacks.focusFirstElement\"\n\t\t\t id=\"modal-2-content\">\n\t\t\t\t\t\t\t\t<ul class=\"wp-block-navigation__container is-responsive items-justified-center wp-block-navigation\"><li class=\"wp-block-navigation-item wp-block-navigation-link has-small-font-size\"><a class=\"wp-block-navigation-item__content\"  href=\"http:\/\/ydros@ydros.com\"><span class=\"wp-block-navigation-item__label\">http:\/\/ydros@ydros.com<\/span><\/a><\/li><\/ul>\n\t\t\t\t\t\t\t<\/div>\n\t\t\t\t\t\t<\/div>\n\t\t\t\t\t<\/div>\n\t\t\t\t<\/div><\/nav><\/div>\n<\/div>\n<\/div>\n<\/div>\n<\/header>\n\n\n<div class=\"wp-block-group is-layout-constrained wp-container-core-group-is-layout-36220896 wp-block-group-is-layout-constrained\" style=\"padding-top:100px\">\n<div class=\"wp-block-columns is-layout-flex wp-container-core-columns-is-layout-28f84493 wp-block-columns-is-layout-flex\">\n<div class=\"wp-block-column is-layout-flow wp-block-column-is-layout-flow\"><h2 style=\"margin-top:-70px;\" class=\"has-text-align-center wp-block-post-title has-text-color has-white-color has-heading-2-font-size has-cambria-georgia-font-family\">Neuro-Formation<\/h2><\/div>\n<\/div>\n\n\n\n<hr class=\"wp-block-separator has-text-color has-zeever-secondary-color has-alpha-channel-opacity has-zeever-secondary-background-color has-background\"\/>\n<\/div>\n<\/div><\/div>\n<\/div>\n\n\n\n<div class=\"wp-block-group has-zeever-bgsoft-background-color has-background is-layout-constrained wp-container-core-group-is-layout-22177b6a wp-block-group-is-layout-constrained\" style=\"padding-top:100px;padding-bottom:100px\">\n<div class=\"wp-block-columns is-layout-flex wp-container-core-columns-is-layout-28f84493 wp-block-columns-is-layout-flex\">\n<div class=\"wp-block-column is-layout-flow wp-block-column-is-layout-flow\">\n<div class=\"wp-block-group is-layout-flow wp-block-group-is-layout-flow\">\n<div class=\"wp-block-columns is-layout-flex wp-container-core-columns-is-layout-28f84493 wp-block-columns-is-layout-flex\">\n<div class=\"wp-block-column is-layout-flow wp-block-column-is-layout-flow\">\n<div class=\"wp-block-essential-blocks-button  root-eb-button-4xq24\"><div class=\"eb-parent-wrapper eb-parent-eb-button-4xq24\"><div class=\"eb-button-wrapper eb-button-alignment eb-button-4xq24\"><div class=\"eb-button\"><a class=\"eb-button-anchor\" href=\"http:\/\/www.ydros.com\/en\/cas_exit\/\" rel=\"noopener\">Success cases<\/a><\/div><\/div><\/div><\/div>\n\n\n\n<h2 class=\"wp-block-heading has-text-align-center zeever-animate zeever-move-right zeever-delay-1 is-style-default has-zeever-primary-color has-text-color\" style=\"font-size:30px\">\u00ab<strong>Neuroscience for adults <mark style=\"background-color:rgba(0, 0, 0, 0)\" class=\"has-inline-color has-zeever-primary-color\">never stop learning<\/mark><\/strong>\u00ab<\/h2>\n\n\n\n<div class=\"wp-block-group is-nowrap is-layout-flex wp-container-core-group-is-layout-6c531013 wp-block-group-is-layout-flex\">\n<h2 class=\"wp-block-heading has-text-align-center zeever-animate zeever-move-right zeever-delay-3 has-zeever-secondary-color has-text-color has-tiny-font-size\" style=\"font-style:normal;font-weight:500;text-transform:uppercase\">The neuroformaci\u00f3n presents significant differences with respect to traditional training, and these are the four keys that make it unique:<\/h2>\n<\/div>\n<\/div>\n<\/div>\n<\/div>\n\n\n\n<div class=\"wp-block-group zeever-animate zeever-move-up zeever-delay-3 is-layout-constrained wp-container-core-group-is-layout-32cee7d8 wp-block-group-is-layout-constrained\" style=\"padding-top:40px\">\n<div class=\"wp-block-columns is-layout-flex wp-container-core-columns-is-layout-28f84493 wp-block-columns-is-layout-flex\">\n<div class=\"wp-block-column is-style-customborderbottomhover zeever-animate zeever-move-up zeever-delay-1 has-background is-layout-flow wp-block-column-is-layout-flow\" style=\"background-color:#121212;padding-top:50px;padding-right:40px;padding-bottom:50px;padding-left:40px\">\n<figure class=\"wp-block-image size-full is-resized\" style=\"margin-right:var(--wp--preset--spacing--80);margin-left:var(--wp--preset--spacing--80)\"><img loading=\"lazy\" decoding=\"async\" width=\"512\" height=\"512\" src=\"http:\/\/www.ydros.com\/wp-content\/uploads\/2024\/11\/burbuja-de-dialogo-1.png\" alt=\"\" class=\"wp-image-496\" style=\"width:59px;height:auto\" srcset=\"https:\/\/www.ydros.com\/wp-content\/uploads\/2024\/11\/burbuja-de-dialogo-1.png 512w, https:\/\/www.ydros.com\/wp-content\/uploads\/2024\/11\/burbuja-de-dialogo-1-300x300.png 300w, https:\/\/www.ydros.com\/wp-content\/uploads\/2024\/11\/burbuja-de-dialogo-1-150x150.png 150w, https:\/\/www.ydros.com\/wp-content\/uploads\/2024\/11\/burbuja-de-dialogo-1-12x12.png 12w\" sizes=\"(max-width: 512px) 100vw, 512px\" \/><\/figure>\n\n\n\n<h2 class=\"wp-block-heading has-text-align-center has-zeever-primary-color has-text-color has-heading-3-font-size\" style=\"margin-top:30px;margin-bottom:20px\"><strong>Experience<\/strong><\/h2>\n\n\n\n<p class=\"has-text-align-center has-zeever-bodytext-color has-text-color\" style=\"font-size:14px\">Your knowledge and experiences are the basis for constructing new learning, activating neural networks pre-existing and making learning meaningful.<br>\u2022 Data key: adults retain up to 65% more of the information when it is related to your previous experiences (Kolb, 1984).<br>\u2022 The result: a deep Understanding and practical application in work environments and personal.<\/p>\n<\/div>\n\n\n\n<div class=\"wp-block-column is-style-customborderbottom zeever-animate zeever-move-up zeever-delay-3 has-zeever-secondary-background-color has-background is-layout-flow wp-block-column-is-layout-flow\" style=\"padding-top:50px;padding-right:40px;padding-bottom:0px;padding-left:40px\">\n<figure class=\"wp-block-image size-full is-resized\" style=\"margin-right:var(--wp--preset--spacing--80);margin-left:var(--wp--preset--spacing--80)\"><img decoding=\"async\" src=\"http:\/\/www.ydros.com\/wp-content\/themes\/zeever\/assets\/img\/ui-design.webp\" alt=\"\" class=\"wp-image-130\" style=\"width:50px;height:50px\"\/><\/figure>\n\n\n\n<h2 class=\"wp-block-heading has-text-align-center has-black-color has-text-color has-heading-3-font-size\" style=\"margin-top:20px;font-style:normal;font-weight:600\">Autonomy<\/h2>\n\n\n\n<p class=\"has-text-align-center has-zeever-bgsoft-color has-text-color\">Confidence in your abilities is enhanced with techniques that stimulate the release of dopamine, reinforcing the motivation.<br>\u2022 Key piece of information: The self-efficacy can improve the performance by 20-30%, especially with regard to work-related challenges (Bandura et al., 2011).<br>\u2022 Result: independent Learning and the confidence to face new challenges.<\/p>\n<\/div>\n\n\n\n<div class=\"wp-block-column is-style-customborderbottomhover zeever-animate zeever-move-up zeever-delay-1 has-background is-layout-flow wp-block-column-is-layout-flow\" style=\"background-color:#121212;padding-top:50px;padding-right:40px;padding-bottom:50px;padding-left:40px\">\n<figure class=\"wp-block-image size-full is-resized\" style=\"margin-right:var(--wp--preset--spacing--80);margin-left:var(--wp--preset--spacing--80)\"><img decoding=\"async\" src=\"http:\/\/www.ydros.com\/wp-content\/themes\/zeever\/assets\/img\/strategy.webp\" alt=\"\" class=\"wp-image-135\" style=\"width:50px;height:50px\"\/><\/figure>\n\n\n\n<h2 class=\"wp-block-heading has-text-align-center has-zeever-primary-color has-text-color has-heading-3-font-size\" style=\"margin-top:30px;margin-bottom:20px\"><strong>Neuro-Plasticity <\/strong><\/h2>\n\n\n\n<p class=\"has-text-align-center has-zeever-bodytext-color has-text-color\" style=\"font-size:14px\">The adult brain has an incredible ability to adapt, but you need the right approach: repetition, practice and significant breaks strategic.<br>\u2022 Key piece of information: Methods structured to respect the cycles of attention, improve retention by 40% (Lustig et al., 2009).<br>\u2022 Result: Adapt more quickly to new challenges and knowledge lasting.<\/p>\n<\/div>\n\n\n\n<div class=\"wp-block-column is-style-customborderbottomhover zeever-animate zeever-move-up zeever-delay-5 has-zeever-third-color has-zeever-secondary-background-color has-text-color has-background has-link-color wp-elements-e78b769f018e5f167347a16eae57116a is-layout-flow wp-block-column-is-layout-flow\" style=\"padding-top:50px;padding-right:40px;padding-bottom:50px;padding-left:40px\">\n<figure class=\"wp-block-image size-full is-resized wp-duotone-000000-rgb000-4\" style=\"margin-right:var(--wp--preset--spacing--80);margin-left:var(--wp--preset--spacing--80)\"><img loading=\"lazy\" decoding=\"async\" width=\"512\" height=\"512\" src=\"http:\/\/www.ydros.com\/wp-content\/uploads\/2024\/11\/red-en-la-nube.png\" alt=\"\" class=\"wp-image-494\" style=\"aspect-ratio:1;width:50px;height:auto\" srcset=\"https:\/\/www.ydros.com\/wp-content\/uploads\/2024\/11\/red-en-la-nube.png 512w, https:\/\/www.ydros.com\/wp-content\/uploads\/2024\/11\/red-en-la-nube-300x300.png 300w, https:\/\/www.ydros.com\/wp-content\/uploads\/2024\/11\/red-en-la-nube-150x150.png 150w, https:\/\/www.ydros.com\/wp-content\/uploads\/2024\/11\/red-en-la-nube-12x12.png 12w\" sizes=\"(max-width: 512px) 100vw, 512px\" \/><\/figure>\n\n\n\n<h2 class=\"wp-block-heading has-text-align-center has-zeever-third-color has-text-color has-heading-3-font-size\" style=\"margin-top:30px;margin-bottom:20px;font-style:normal;font-weight:600\"><strong>Emotional regulation<\/strong><\/h2>\n\n\n\n<p class=\"has-text-align-center has-zeever-third-color has-text-color\" style=\"font-size:14px\">Stress can be a barrier to learning. Techniques such as mindfulness improve emotional control and sustained attention.<br>\u2022 Data key: mindfulness increases cortical thickness in key areas for memory and reasoning, to improve learning by up to 25% (H\u00f6lzel et al., 2011).<br>\u2022 Result: Increased focus, stress reduction and learning more fluid.<br>Are you ready to transform your way of learning?<br><\/p>\n<\/div>\n<\/div>\n<\/div>\n<\/div>\n<\/div>\n\n\n\n<div class=\"wp-block-essential-blocks-text  root-eb-text-idz5s\"><div class=\"eb-parent-wrapper eb-parent-eb-text-idz5s\"><div class=\"eb-text-wrapper eb-text-idz5s\" data-id=\"eb-text-idz5s\"><p class=\"eb-text\">In NeuroForma, your brain is our ally. Discover how science can enhance your experience and take your learning to the next level.<\/p><\/div><\/div><\/div>\n\n\n\n<div class=\"wp-block-gutenverse-image guten-element guten-image guten-ijFgbR\"><div class=\"guten-image-wrapper\"><img loading=\"lazy\" decoding=\"async\" class=\"gutenverse-image-box-filled\" src=\"http:\/\/www.ydros.com\/wp-content\/uploads\/2024\/11\/napkin-selection2-1.png\" height=\"866\" width=\"1584\"\/><\/div><\/div>\n\n\n\n<div class=\"wp-block-essential-blocks-button  root-eb-button-wk0i4\"><div class=\"eb-parent-wrapper eb-parent-eb-button-wk0i4\"><div class=\"eb-button-wrapper eb-button-alignment eb-button-wk0i4\"><div class=\"eb-button\"><a class=\"eb-button-anchor\" href=\"http:\/\/www.ydros.com\/en\/cas_exit\/\" rel=\"noopener\">Success cases<\/a><\/div><\/div><\/div><\/div>\n<\/div>","protected":false},"excerpt":{"rendered":"<p>\u00abNeurociencia para adultos que nunca dejan de aprender\u00ab La neuroformaci\u00f3n presenta diferencias significativas respecto a la formaci\u00f3n tradicional, y estas son las cuatro claves que la hacen \u00fanica: Experiencia Tu conocimiento y vivencias son la base para construir nuevos aprendizajes, activando redes neuronales preexistentes y haciendo que el aprendizaje sea significativo.\u2022 Dato clave: Los adultos retienen hasta un 65% m\u00e1s de la informaci\u00f3n cuando se relaciona con sus experiencias previas (Kolb, 1984).\u2022 Resultado: Comprensi\u00f3n profunda y aplicaci\u00f3n pr\u00e1ctica en entornos laborales y personales. Autonom\u00eda La confianza en tus capacidades se potencia con t\u00e9cnicas que estimulan la liberaci\u00f3n de dopamina, reforzando<\/p>","protected":false},"author":1,"featured_media":34,"parent":0,"menu_order":0,"comment_status":"closed","ping_status":"closed","template":"elementor_canvas","meta":{"_eb_attr":"","footnotes":""},"class_list":["post-129","page","type-page","status-publish","has-post-thumbnail","hentry"],"_links":{"self":[{"href":"https:\/\/www.ydros.com\/en\/wp-json\/wp\/v2\/pages\/129","targetHints":{"allow":["GET"]}}],"collection":[{"href":"https:\/\/www.ydros.com\/en\/wp-json\/wp\/v2\/pages"}],"about":[{"href":"https:\/\/www.ydros.com\/en\/wp-json\/wp\/v2\/types\/page"}],"author":[{"embeddable":true,"href":"https:\/\/www.ydros.com\/en\/wp-json\/wp\/v2\/users\/1"}],"replies":[{"embeddable":true,"href":"https:\/\/www.ydros.com\/en\/wp-json\/wp\/v2\/comments?post=129"}],"version-history":[{"count":34,"href":"https:\/\/www.ydros.com\/en\/wp-json\/wp\/v2\/pages\/129\/revisions"}],"predecessor-version":[{"id":651,"href":"https:\/\/www.ydros.com\/en\/wp-json\/wp\/v2\/pages\/129\/revisions\/651"}],"wp:featuredmedia":[{"embeddable":true,"href":"https:\/\/www.ydros.com\/en\/wp-json\/wp\/v2\/media\/34"}],"wp:attachment":[{"href":"https:\/\/www.ydros.com\/en\/wp-json\/wp\/v2\/media?parent=129"}],"curies":[{"name":"wp","href":"https:\/\/api.w.org\/{rel}","templated":true}]}}