{"id":150,"date":"2024-09-23T14:50:35","date_gmt":"2024-09-23T14:50:35","guid":{"rendered":"http:\/\/www.ydros.com\/?page_id=150"},"modified":"2024-11-29T13:14:14","modified_gmt":"2024-11-29T13:14:14","slug":"coaching","status":"publish","type":"page","link":"https:\/\/www.ydros.com\/en\/coaching\/","title":{"rendered":"High-Impact Coaching"},"content":{"rendered":"<div class=\"wp-block-group is-layout-flow wp-block-group-is-layout-flow\">\n<div class=\"wp-block-cover\" style=\"margin-top:var(--wp--preset--spacing--20);margin-bottom:var(--wp--preset--spacing--20);padding-bottom:70px;min-height:250px;aspect-ratio:unset;\"><span aria-hidden=\"true\" class=\"wp-block-cover__background has-black-background-color has-background-dim-60 has-background-dim\"><\/span><img fetchpriority=\"high\" decoding=\"async\" width=\"1024\" height=\"640\" class=\"wp-block-cover__image-background wp-image-555\" alt=\"\" src=\"http:\/\/www.ydros.com\/wp-content\/uploads\/2024\/11\/WhatsApp-Image-2024-11-23-at-18.58.35.jpeg\" style=\"object-position:95% 0%\" data-object-fit=\"cover\" data-object-position=\"95% 0%\" srcset=\"https:\/\/www.ydros.com\/wp-content\/uploads\/2024\/11\/WhatsApp-Image-2024-11-23-at-18.58.35.jpeg 1024w, https:\/\/www.ydros.com\/wp-content\/uploads\/2024\/11\/WhatsApp-Image-2024-11-23-at-18.58.35-300x188.jpeg 300w, https:\/\/www.ydros.com\/wp-content\/uploads\/2024\/11\/WhatsApp-Image-2024-11-23-at-18.58.35-768x480.jpeg 768w, https:\/\/www.ydros.com\/wp-content\/uploads\/2024\/11\/WhatsApp-Image-2024-11-23-at-18.58.35-18x12.jpeg 18w\" sizes=\"(max-width: 1024px) 100vw, 1024px\" \/><div class=\"wp-block-cover__inner-container is-layout-flow wp-block-cover-is-layout-flow\"><header class=\"wp-block-template-part\">\n<div class=\"wp-block-group alignfull has-background-color has-white-color has-black-background-color has-text-color has-background has-link-color wp-elements-6fd3cee908f042abcaa79fa82f668406 is-layout-constrained wp-container-core-group-is-layout-23b1a4dc wp-block-group-is-layout-constrained\" style=\"padding-top:var(--wp--preset--spacing--30);padding-right:var(--wp--preset--spacing--30);padding-bottom:var(--wp--preset--spacing--30);padding-left:var(--wp--preset--spacing--30)\">\n<div class=\"wp-block-group alignfull has-background-color has-white-color has-black-background-color has-text-color has-background has-link-color wp-elements-a881e25ed7ec7be7959b43b5f0c1d5ee is-layout-constrained wp-container-core-group-is-layout-23b1a4dc wp-block-group-is-layout-constrained\" style=\"padding-top:var(--wp--preset--spacing--30);padding-right:var(--wp--preset--spacing--30);padding-bottom:var(--wp--preset--spacing--30);padding-left:var(--wp--preset--spacing--30)\">\n<div class=\"wp-block-group alignwide is-content-justification-space-between is-layout-flex wp-container-core-group-is-layout-b585a4aa wp-block-group-is-layout-flex\">\n<div class=\"wp-block-group is-layout-flex wp-block-group-is-layout-flex\"><div class=\"wp-block-site-logo\"><a href=\"https:\/\/www.ydros.com\/en\/\" class=\"custom-logo-link\" rel=\"home\"><img decoding=\"async\" width=\"37\" height=\"35\" src=\"https:\/\/www.ydros.com\/wp-content\/uploads\/2024\/09\/ydroslogofondotransparente-transformed-1.png\" class=\"custom-logo\" alt=\"YDROS\" srcset=\"https:\/\/www.ydros.com\/wp-content\/uploads\/2024\/09\/ydroslogofondotransparente-transformed-1.png 772w, https:\/\/www.ydros.com\/wp-content\/uploads\/2024\/09\/ydroslogofondotransparente-transformed-1-300x286.png 300w, https:\/\/www.ydros.com\/wp-content\/uploads\/2024\/09\/ydroslogofondotransparente-transformed-1-768x732.png 768w\" sizes=\"(max-width: 37px) 100vw, 37px\" \/><\/a><\/div>\n\n<h4 class=\"has-link-color wp-elements-d438b1fe9c786a49b4c10587c4b0bcc6 wp-block-site-title\"><a href=\"https:\/\/www.ydros.com\/en\" target=\"_self\" rel=\"home\">YDROS<\/a><\/h4><\/div>\n\n\n<nav class=\"has-small-font-size is-responsive items-justified-center wp-block-navigation is-content-justification-center is-layout-flex wp-container-core-navigation-is-layout-64ede673 wp-block-navigation-is-layout-flex\" aria-label=\"Agile Path\" \n\t\t data-wp-interactive=\"core\/navigation\" data-wp-context='{\"overlayOpenedBy\":{\"click\":false,\"hover\":false,\"focus\":false},\"type\":\"overlay\",\"roleAttribute\":\"\",\"ariaLabel\":\"Menu\"}'><button aria-haspopup=\"dialog\" aria-label=\"Open menu\" class=\"wp-block-navigation__responsive-container-open\" \n\t\t\t\tdata-wp-on--click=\"actions.openMenuOnClick\"\n\t\t\t\tdata-wp-on--keydown=\"actions.handleMenuKeydown\"\n\t\t\t><svg width=\"24\" height=\"24\" xmlns=\"http:\/\/www.w3.org\/2000\/svg\" viewbox=\"0 0 24 24\"><path d=\"M5 5v1.5h14V5H5z\"><\/path><path d=\"M5 12.8h14v-1.5H5v1.5z\"><\/path><path d=\"M5 19h14v-1.5H5V19z\"><\/path><\/svg><\/button>\n\t\t\t\t<div class=\"wp-block-navigation__responsive-container\"  id=\"modal-1\" \n\t\t\t\tdata-wp-class--has-modal-open=\"state.isMenuOpen\"\n\t\t\t\tdata-wp-class--is-menu-open=\"state.isMenuOpen\"\n\t\t\t\tdata-wp-watch=\"callbacks.initMenu\"\n\t\t\t\tdata-wp-on--keydown=\"actions.handleMenuKeydown\"\n\t\t\t\tdata-wp-on--focusout=\"actions.handleMenuFocusout\"\n\t\t\t\ttabindex=\"-1\"\n\t\t\t>\n\t\t\t\t\t<div class=\"wp-block-navigation__responsive-close\" tabindex=\"-1\">\n\t\t\t\t\t\t<div class=\"wp-block-navigation__responsive-dialog\" \n\t\t\t\tdata-wp-bind--aria-modal=\"state.ariaModal\"\n\t\t\t\tdata-wp-bind--aria-label=\"state.ariaLabel\"\n\t\t\t\tdata-wp-bind--role=\"state.roleAttribute\"\n\t\t\t>\n\t\t\t\t\t\t\t<button aria-label=\"Close menu\" class=\"wp-block-navigation__responsive-container-close\" \n\t\t\t\tdata-wp-on--click=\"actions.closeMenuOnClick\"\n\t\t\t><svg xmlns=\"http:\/\/www.w3.org\/2000\/svg\" viewbox=\"0 0 24 24\" width=\"24\" height=\"24\" aria-hidden=\"true\" focusable=\"false\"><path d=\"m13.06 12 6.47-6.47-1.06-1.06L12 10.94 5.53 4.47 4.47 5.53 10.94 12l-6.47 6.47 1.06 1.06L12 13.06l6.47 6.47 1.06-1.06L13.06 12Z\"><\/path><\/svg><\/button>\n\t\t\t\t\t\t\t<div class=\"wp-block-navigation__responsive-container-content\" \n\t\t\t\tdata-wp-watch=\"callbacks.focusFirstElement\"\n\t\t\t id=\"modal-1-content\">\n\t\t\t\t\t\t\t\t<ul class=\"wp-block-navigation__container has-small-font-size is-responsive items-justified-center wp-block-navigation has-small-font-size\"><li data-wp-context=\"{ &quot;submenuOpenedBy&quot;: { &quot;click&quot;: false, &quot;hover&quot;: false, &quot;focus&quot;: false }, &quot;type&quot;: &quot;submenu&quot;, &quot;modal&quot;: null, &quot;previousFocus&quot;: null }\" data-wp-interactive=\"core\/navigation\" data-wp-on--focusout=\"actions.handleMenuFocusout\" data-wp-on--keydown=\"actions.handleMenuKeydown\" data-wp-watch=\"callbacks.initMenu\" tabindex=\"-1\" class=\"wp-block-navigation-item has-small-font-size has-child open-on-click wp-block-navigation-submenu\"><button data-wp-bind--aria-expanded=\"state.isMenuOpen\" data-wp-on--click=\"actions.toggleMenuOnClick\" aria-label=\"SERVICES submenu\" class=\"wp-block-navigation-item__content wp-block-navigation-submenu__toggle\" ><span class=\"wp-block-navigation-item__label\">Services<\/span><\/button><span class=\"wp-block-navigation__submenu-icon\"><svg xmlns=\"http:\/\/www.w3.org\/2000\/svg\" width=\"12\" height=\"12\" viewbox=\"0 0 12 12\" fill=\"none\" aria-hidden=\"true\" focusable=\"false\"><path d=\"M1.50002 4L6.00002 8L10.5 4\" stroke-width=\"1.5\"><\/path><\/svg><\/span><ul data-wp-on--focus=\"actions.openMenuOnFocus\" class=\"wp-block-navigation__submenu-container wp-block-navigation-submenu\"><li class=\"has-small-font-size wp-block-navigation-item wp-block-navigation-link\"><a class=\"wp-block-navigation-item__content\"  href=\"http:\/\/www.ydros.com\/en\/landing\/\"><span class=\"wp-block-navigation-item__label\">Neuro-Formation<\/span><\/a><\/li><li class=\"has-small-font-size wp-block-navigation-item wp-block-navigation-link\"><a class=\"wp-block-navigation-item__content\"  href=\"http:\/\/www.ydros.com\/en\/metodologia-agiles\/\"><span class=\"wp-block-navigation-item__label\">Agile way<\/span><\/a><\/li><li class=\"has-small-font-size wp-block-navigation-item wp-block-navigation-link\"><a class=\"wp-block-navigation-item__content\"  href=\"http:\/\/www.ydros.com\/en\/landing\/people\/\"><span class=\"wp-block-navigation-item__label\">People 360\u00ba<\/span><\/a><\/li><li class=\"has-small-font-size wp-block-navigation-item wp-block-navigation-link\"><a class=\"wp-block-navigation-item__content\"  href=\"http:\/\/www.ydros.com\/en\/coaching\/\"><span class=\"wp-block-navigation-item__label\">High-Impact Coaching<\/span><\/a><\/li><\/ul><\/li><\/ul>\n\t\t\t\t\t\t\t<\/div>\n\t\t\t\t\t\t<\/div>\n\t\t\t\t\t<\/div>\n\t\t\t\t<\/div><\/nav>\n\n\n<p><a href=\"http:\/\/www.ydros.com\/en\/news\/\" data-type=\"page\" data-id=\"569\">NEWS<\/a><\/p>\n\n\n\n<div class=\"wp-block-group is-layout-flex wp-block-group-is-layout-flex\"><nav class=\"is-responsive items-justified-center wp-block-navigation is-content-justification-center is-layout-flex wp-container-core-navigation-is-layout-64ede673 wp-block-navigation-is-layout-flex\" aria-label=\"Headder\" \n\t\t data-wp-interactive=\"core\/navigation\" data-wp-context='{\"overlayOpenedBy\":{\"click\":false,\"hover\":false,\"focus\":false},\"type\":\"overlay\",\"roleAttribute\":\"\",\"ariaLabel\":\"Menu\"}'><button aria-haspopup=\"dialog\" aria-label=\"Open menu\" class=\"wp-block-navigation__responsive-container-open\" \n\t\t\t\tdata-wp-on--click=\"actions.openMenuOnClick\"\n\t\t\t\tdata-wp-on--keydown=\"actions.handleMenuKeydown\"\n\t\t\t><svg width=\"24\" height=\"24\" xmlns=\"http:\/\/www.w3.org\/2000\/svg\" viewbox=\"0 0 24 24\" aria-hidden=\"true\" focusable=\"false\"><path d=\"M4 7.5h16v1.5H4z\"><\/path><path d=\"M4 15h16v1.5H4z\"><\/path><\/svg><\/button>\n\t\t\t\t<div class=\"wp-block-navigation__responsive-container\"  id=\"modal-2\" \n\t\t\t\tdata-wp-class--has-modal-open=\"state.isMenuOpen\"\n\t\t\t\tdata-wp-class--is-menu-open=\"state.isMenuOpen\"\n\t\t\t\tdata-wp-watch=\"callbacks.initMenu\"\n\t\t\t\tdata-wp-on--keydown=\"actions.handleMenuKeydown\"\n\t\t\t\tdata-wp-on--focusout=\"actions.handleMenuFocusout\"\n\t\t\t\ttabindex=\"-1\"\n\t\t\t>\n\t\t\t\t\t<div class=\"wp-block-navigation__responsive-close\" tabindex=\"-1\">\n\t\t\t\t\t\t<div class=\"wp-block-navigation__responsive-dialog\" \n\t\t\t\tdata-wp-bind--aria-modal=\"state.ariaModal\"\n\t\t\t\tdata-wp-bind--aria-label=\"state.ariaLabel\"\n\t\t\t\tdata-wp-bind--role=\"state.roleAttribute\"\n\t\t\t>\n\t\t\t\t\t\t\t<button aria-label=\"Close menu\" class=\"wp-block-navigation__responsive-container-close\" \n\t\t\t\tdata-wp-on--click=\"actions.closeMenuOnClick\"\n\t\t\t><svg xmlns=\"http:\/\/www.w3.org\/2000\/svg\" viewbox=\"0 0 24 24\" width=\"24\" height=\"24\" aria-hidden=\"true\" focusable=\"false\"><path d=\"m13.06 12 6.47-6.47-1.06-1.06L12 10.94 5.53 4.47 4.47 5.53 10.94 12l-6.47 6.47 1.06 1.06L12 13.06l6.47 6.47 1.06-1.06L13.06 12Z\"><\/path><\/svg><\/button>\n\t\t\t\t\t\t\t<div class=\"wp-block-navigation__responsive-container-content\" \n\t\t\t\tdata-wp-watch=\"callbacks.focusFirstElement\"\n\t\t\t id=\"modal-2-content\">\n\t\t\t\t\t\t\t\t<ul class=\"wp-block-navigation__container is-responsive items-justified-center wp-block-navigation\"><li class=\"wp-block-navigation-item wp-block-navigation-link has-small-font-size\"><a class=\"wp-block-navigation-item__content\"  href=\"http:\/\/ydros@ydros.com\"><span class=\"wp-block-navigation-item__label\">http:\/\/ydros@ydros.com<\/span><\/a><\/li><\/ul>\n\t\t\t\t\t\t\t<\/div>\n\t\t\t\t\t\t<\/div>\n\t\t\t\t\t<\/div>\n\t\t\t\t<\/div><\/nav><\/div>\n<\/div>\n<\/div>\n<\/div>\n<\/header>\n\n\n<div class=\"wp-block-group is-layout-constrained wp-container-core-group-is-layout-4e51a4a7 wp-block-group-is-layout-constrained\" style=\"padding-top:70px\">\n<div class=\"wp-block-columns is-layout-flex wp-container-core-columns-is-layout-28f84493 wp-block-columns-is-layout-flex\">\n<div class=\"wp-block-column is-layout-flow wp-block-column-is-layout-flow\"><h2 class=\"has-text-align-center wp-block-post-title has-text-color has-white-color has-heading-2-font-size has-cambria-georgia-font-family\">High-Impact Coaching<\/h2><\/div>\n<\/div>\n\n\n\n<hr class=\"wp-block-separator has-text-color has-zeever-secondary-color has-alpha-channel-opacity has-zeever-secondary-background-color has-background\"\/>\n<\/div>\n<\/div><\/div>\n<\/div>\n\n\n\n<p class=\"has-zeever-secondary-color has-zeever-bgsoft-background-color has-text-color has-background has-link-color wp-elements-341b2fc77863fa17b86e0f66dffdc197\" style=\"padding-top:var(--wp--preset--spacing--60);padding-right:var(--wp--preset--spacing--30);padding-bottom:var(--wp--preset--spacing--60);padding-left:var(--wp--preset--spacing--30)\">With more than 25 years of experience in executive coaching, we have accompanied hundreds of professionals to improve their performance and achieve their goals, helping them to unlock their full potential.<br>That is executive coaching: a personalized process of professional development designed to assist leaders, executives and managers to improve their performance, leadership and strategic skills in the business environment. Through individual sessions, the executive coach guides the client to:<\/p>\n\n\n\n<div style=\"height:6rem\" aria-hidden=\"true\" class=\"wp-block-spacer\"><\/div>\n\n\n\n<div class=\"wp-block-group has-black-background-color has-background is-layout-constrained wp-container-core-group-is-layout-f51f7cbe wp-block-group-is-layout-constrained\" style=\"padding-bottom:180px\">\n<div class=\"wp-block-columns zeever-margin-top-n80 zeever-animate zeever-move-up zeever-delay-1 is-layout-flex wp-container-core-columns-is-layout-1db61bc0 wp-block-columns-is-layout-flex\" style=\"margin-top:var(--wp--preset--spacing--80);margin-bottom:var(--wp--preset--spacing--80);padding-right:10px;padding-left:10px\">\n<div class=\"wp-block-column is-layout-flow wp-block-column-is-layout-flow\">\n<div class=\"wp-block-group is-style-customborderhover zeever-animate zeever-move-up zeever-delay-1 has-background is-layout-flow wp-block-group-is-layout-flow\" style=\"background-color:#121212;min-height:500px;padding-top:65px;padding-right:30px;padding-bottom:65px;padding-left:30px\">\n<figure class=\"wp-block-image size-full is-resized\"><img decoding=\"async\" src=\"http:\/\/www.ydros.com\/wp-content\/themes\/zeever\/assets\/img\/concept.webp\" alt=\"\" class=\"wp-image-127\" style=\"width:50px;height:50px\"\/><\/figure>\n\n\n\n<h2 class=\"wp-block-heading has-text-align-left has-zeever-primary-color has-text-color\" style=\"margin-top:30px;font-size:28px;font-style:normal;font-weight:600\"><strong>Identify<br>areas of improvement: <\/strong><\/h2>\n\n\n\n<p class=\"has-text-align-left has-zeever-bodytext-color has-text-color\">We analyze strengths, weaknesses, and areas in need of development, both personal and professional levels.<\/p>\n<\/div>\n<\/div>\n\n\n\n<div class=\"wp-block-column is-layout-flow wp-block-column-is-layout-flow\">\n<div class=\"wp-block-group is-style-customboxshadow zeever-animate zeever-move-up zeever-delay-3 has-border-color has-zeever-secondary-border-color has-background is-layout-flow wp-block-group-is-layout-flow\" style=\"border-style:solid;border-width:2px;background-color:#121212;min-height:500px;padding-top:70px;padding-right:30px;padding-bottom:70px;padding-left:30px\">\n<figure class=\"wp-block-image size-full is-resized\"><img decoding=\"async\" src=\"http:\/\/www.ydros.com\/wp-content\/themes\/zeever\/assets\/img\/ideas.webp\" alt=\"\" class=\"wp-image-128\" style=\"width:50px;height:50px\"\/><\/figure>\n\n\n\n<h2 class=\"wp-block-heading has-text-align-left has-zeever-primary-color has-text-color\" style=\"margin-top:30px;font-size:28px;font-style:normal;font-weight:600\"><strong>Set<br>clear goals<\/strong><\/h2>\n\n\n\n<p class=\"has-text-align-left has-zeever-bodytext-color has-text-color\">Identifies specific objectives, such as improving leadership skills, communication, decision making or management teams.<\/p>\n<\/div>\n<\/div>\n\n\n\n<div class=\"wp-block-column is-layout-flow wp-block-column-is-layout-flow\">\n<div class=\"wp-block-group is-style-customboxshadow zeever-animate zeever-move-up zeever-delay-3 has-border-color has-zeever-secondary-border-color has-background is-layout-flow wp-block-group-is-layout-flow\" style=\"border-style:solid;border-width:2px;background-color:#121212;min-height:500px;padding-top:70px;padding-right:30px;padding-bottom:70px;padding-left:30px\">\n<figure class=\"wp-block-image size-full is-resized\"><img loading=\"lazy\" decoding=\"async\" width=\"512\" height=\"512\" src=\"http:\/\/www.ydros.com\/wp-content\/uploads\/2024\/11\/vista-de-calle.png\" alt=\"\" class=\"wp-image-557\" style=\"width:50px;height:50px\" srcset=\"https:\/\/www.ydros.com\/wp-content\/uploads\/2024\/11\/vista-de-calle.png 512w, https:\/\/www.ydros.com\/wp-content\/uploads\/2024\/11\/vista-de-calle-300x300.png 300w, https:\/\/www.ydros.com\/wp-content\/uploads\/2024\/11\/vista-de-calle-150x150.png 150w, https:\/\/www.ydros.com\/wp-content\/uploads\/2024\/11\/vista-de-calle-12x12.png 12w\" sizes=\"(max-width: 512px) 100vw, 512px\" \/><\/figure>\n\n\n\n<h2 class=\"wp-block-heading has-text-align-left has-zeever-primary-color has-text-color\" style=\"margin-top:30px;font-size:28px;font-style:normal;font-weight:600\"><strong>Overcome obstacles<\/strong><\/h2>\n\n\n\n<p>Working on identifying barriers to personal or professional that may be limiting the performance and seek ways to overcome them.<\/p>\n<\/div>\n<\/div>\n\n\n\n<div class=\"wp-block-column is-layout-flow wp-block-column-is-layout-flow\">\n<div class=\"wp-block-group is-style-customborderhover zeever-animate zeever-move-up zeever-delay-5 has-background is-layout-flow wp-block-group-is-layout-flow\" style=\"background-color:#121212;min-height:500px;padding-top:50px;padding-right:30px;padding-bottom:50px;padding-left:30px\">\n<figure class=\"wp-block-image size-full is-resized\"><img decoding=\"async\" src=\"http:\/\/www.ydros.com\/wp-content\/themes\/zeever\/assets\/img\/creative.webp\" alt=\"\" class=\"wp-image-129\" style=\"width:50px;height:50px\"\/><\/figure>\n\n\n\n<h2 class=\"wp-block-heading has-text-align-left has-zeever-primary-color has-text-color\" style=\"margin-top:30px;font-size:28px;font-style:normal;font-weight:600\">Develop new skills<\/h2>\n\n\n\n<p class=\"has-text-align-left has-zeever-bodytext-color has-text-color\">The coach provides the tools and techniques that allow the client to develop key skills to conflict resolution to emotional intelligence<\/p>\n<\/div>\n<\/div>\n<\/div>\n\n\n\n<div class=\"wp-block-group is-nowrap is-layout-flex wp-container-core-group-is-layout-6c531013 wp-block-group-is-layout-flex\">\n<figure class=\"wp-block-image size-full is-resized\" style=\"margin-right:10rem;margin-left:10rem\"><img loading=\"lazy\" decoding=\"async\" width=\"1140\" height=\"1105\" src=\"http:\/\/www.ydros.com\/wp-content\/uploads\/2024\/11\/napkin-selection-13.png\" alt=\"\" class=\"wp-image-560\" style=\"width:588px;height:auto\" srcset=\"https:\/\/www.ydros.com\/wp-content\/uploads\/2024\/11\/napkin-selection-13.png 1140w, https:\/\/www.ydros.com\/wp-content\/uploads\/2024\/11\/napkin-selection-13-300x291.png 300w, https:\/\/www.ydros.com\/wp-content\/uploads\/2024\/11\/napkin-selection-13-1024x993.png 1024w, https:\/\/www.ydros.com\/wp-content\/uploads\/2024\/11\/napkin-selection-13-768x744.png 768w, https:\/\/www.ydros.com\/wp-content\/uploads\/2024\/11\/napkin-selection-13-12x12.png 12w\" sizes=\"(max-width: 1140px) 100vw, 1140px\" \/><\/figure>\n\n\n\n<div class=\"wp-block-essential-blocks-button  root-eb-button-0v7k7\"><div class=\"eb-parent-wrapper eb-parent-eb-button-0v7k7\"><div class=\"eb-button-wrapper eb-button-alignment eb-button-0v7k7\"><div class=\"eb-button\"><a class=\"eb-button-anchor\" href=\"http:\/\/www.ydros.com\/en\/landing\/people\/\" rel=\"noopener\">People 360\u00ba<\/a><\/div><\/div><\/div><\/div>\n<\/div>\n<\/div>","protected":false},"excerpt":{"rendered":"<p>Con m\u00e1s de 25 a\u00f1os de experiencia en coaching ejecutivo, hemos acompa\u00f1ado a cientos de profesionales a mejorar su desempe\u00f1o y alcanzar sus objetivos, ayud\u00e1ndolos a desbloquear todo su potencial.Que es el coaching ejecutivo: un proceso personalizado de desarrollo profesional dise\u00f1ado para ayudar a l\u00edderes, ejecutivos y directivos a mejorar su desempe\u00f1o, liderazgo y habilidades estrat\u00e9gicas en el entorno empresarial. A trav\u00e9s de sesiones individuales, el coach ejecutivo gu\u00eda al cliente para: Identificar\u00e1reas de mejora: Se analizan fortalezas, debilidades y \u00e1reas que necesitan desarrollo, tanto a nivel personal como profesional. Establecermetas claras Se definen objetivos concretos, como mejorar habilidades de<\/p>","protected":false},"author":1,"featured_media":0,"parent":0,"menu_order":0,"comment_status":"closed","ping_status":"closed","template":"elementor_canvas","meta":{"_eb_attr":"","footnotes":""},"class_list":["post-150","page","type-page","status-publish","hentry"],"_links":{"self":[{"href":"https:\/\/www.ydros.com\/en\/wp-json\/wp\/v2\/pages\/150","targetHints":{"allow":["GET"]}}],"collection":[{"href":"https:\/\/www.ydros.com\/en\/wp-json\/wp\/v2\/pages"}],"about":[{"href":"https:\/\/www.ydros.com\/en\/wp-json\/wp\/v2\/types\/page"}],"author":[{"embeddable":true,"href":"https:\/\/www.ydros.com\/en\/wp-json\/wp\/v2\/users\/1"}],"replies":[{"embeddable":true,"href":"https:\/\/www.ydros.com\/en\/wp-json\/wp\/v2\/comments?post=150"}],"version-history":[{"count":33,"href":"https:\/\/www.ydros.com\/en\/wp-json\/wp\/v2\/pages\/150\/revisions"}],"predecessor-version":[{"id":650,"href":"https:\/\/www.ydros.com\/en\/wp-json\/wp\/v2\/pages\/150\/revisions\/650"}],"wp:attachment":[{"href":"https:\/\/www.ydros.com\/en\/wp-json\/wp\/v2\/media?parent=150"}],"curies":[{"name":"wp","href":"https:\/\/api.w.org\/{rel}","templated":true}]}}