{"id":202,"date":"2024-09-23T19:23:22","date_gmt":"2024-09-23T19:23:22","guid":{"rendered":"http:\/\/www.ydros.com\/?page_id=202"},"modified":"2024-11-23T20:26:27","modified_gmt":"2024-11-23T20:26:27","slug":"quien_somos","status":"publish","type":"page","link":"https:\/\/www.ydros.com\/en\/quien_somos\/","title":{"rendered":"Quien somos"},"content":{"rendered":"<div class=\"wp-block-group alignfull has-background-color has-white-color has-black-background-color has-text-color has-background has-link-color wp-elements-fb6d21464e43adef0f62be1ec06acaf2 is-layout-constrained wp-container-core-group-is-layout-23b1a4dc wp-block-group-is-layout-constrained\" style=\"padding-top:var(--wp--preset--spacing--30);padding-right:var(--wp--preset--spacing--30);padding-bottom:var(--wp--preset--spacing--30);padding-left:var(--wp--preset--spacing--30)\">\n<div class=\"wp-block-group alignwide is-content-justification-space-between is-layout-flex wp-container-core-group-is-layout-b585a4aa wp-block-group-is-layout-flex\">\n<div class=\"wp-block-group is-layout-flex wp-block-group-is-layout-flex\"><div class=\"wp-block-site-logo\"><a href=\"https:\/\/www.ydros.com\/en\/\" class=\"custom-logo-link\" rel=\"home\"><img decoding=\"async\" width=\"37\" height=\"35\" src=\"https:\/\/www.ydros.com\/wp-content\/uploads\/2024\/09\/ydroslogofondotransparente-transformed-1.png\" class=\"custom-logo\" alt=\"YDROS\" srcset=\"https:\/\/www.ydros.com\/wp-content\/uploads\/2024\/09\/ydroslogofondotransparente-transformed-1.png 772w, https:\/\/www.ydros.com\/wp-content\/uploads\/2024\/09\/ydroslogofondotransparente-transformed-1-300x286.png 300w, https:\/\/www.ydros.com\/wp-content\/uploads\/2024\/09\/ydroslogofondotransparente-transformed-1-768x732.png 768w\" sizes=\"(max-width: 37px) 100vw, 37px\" \/><\/a><\/div>\n\n<h4 class=\"has-link-color wp-elements-d438b1fe9c786a49b4c10587c4b0bcc6 wp-block-site-title\"><a href=\"https:\/\/www.ydros.com\/en\" target=\"_self\" rel=\"home\">YDROS<\/a><\/h4><\/div>\n\n\n<nav class=\"has-small-font-size is-responsive items-justified-right wp-block-navigation is-content-justification-right is-layout-flex wp-container-core-navigation-is-layout-f665d2b5 wp-block-navigation-is-layout-flex\" aria-label=\"Agile Path\" \n\t\t data-wp-interactive=\"core\/navigation\" data-wp-context='{\"overlayOpenedBy\":{\"click\":false,\"hover\":false,\"focus\":false},\"type\":\"overlay\",\"roleAttribute\":\"\",\"ariaLabel\":\"Menu\"}'><button aria-haspopup=\"dialog\" aria-label=\"Open menu\" class=\"wp-block-navigation__responsive-container-open\" \n\t\t\t\tdata-wp-on--click=\"actions.openMenuOnClick\"\n\t\t\t\tdata-wp-on--keydown=\"actions.handleMenuKeydown\"\n\t\t\t><svg width=\"24\" height=\"24\" xmlns=\"http:\/\/www.w3.org\/2000\/svg\" viewbox=\"0 0 24 24\" aria-hidden=\"true\" focusable=\"false\"><path d=\"M4 7.5h16v1.5H4z\"><\/path><path d=\"M4 15h16v1.5H4z\"><\/path><\/svg><\/button>\n\t\t\t\t<div class=\"wp-block-navigation__responsive-container\"  id=\"modal-1\" \n\t\t\t\tdata-wp-class--has-modal-open=\"state.isMenuOpen\"\n\t\t\t\tdata-wp-class--is-menu-open=\"state.isMenuOpen\"\n\t\t\t\tdata-wp-watch=\"callbacks.initMenu\"\n\t\t\t\tdata-wp-on--keydown=\"actions.handleMenuKeydown\"\n\t\t\t\tdata-wp-on--focusout=\"actions.handleMenuFocusout\"\n\t\t\t\ttabindex=\"-1\"\n\t\t\t>\n\t\t\t\t\t<div class=\"wp-block-navigation__responsive-close\" tabindex=\"-1\">\n\t\t\t\t\t\t<div class=\"wp-block-navigation__responsive-dialog\" \n\t\t\t\tdata-wp-bind--aria-modal=\"state.ariaModal\"\n\t\t\t\tdata-wp-bind--aria-label=\"state.ariaLabel\"\n\t\t\t\tdata-wp-bind--role=\"state.roleAttribute\"\n\t\t\t>\n\t\t\t\t\t\t\t<button aria-label=\"Close menu\" class=\"wp-block-navigation__responsive-container-close\" \n\t\t\t\tdata-wp-on--click=\"actions.closeMenuOnClick\"\n\t\t\t><svg xmlns=\"http:\/\/www.w3.org\/2000\/svg\" viewbox=\"0 0 24 24\" width=\"24\" height=\"24\" aria-hidden=\"true\" focusable=\"false\"><path d=\"m13.06 12 6.47-6.47-1.06-1.06L12 10.94 5.53 4.47 4.47 5.53 10.94 12l-6.47 6.47 1.06 1.06L12 13.06l6.47 6.47 1.06-1.06L13.06 12Z\"><\/path><\/svg><\/button>\n\t\t\t\t\t\t\t<div class=\"wp-block-navigation__responsive-container-content\" \n\t\t\t\tdata-wp-watch=\"callbacks.focusFirstElement\"\n\t\t\t id=\"modal-1-content\">\n\t\t\t\t\t\t\t\t<ul class=\"wp-block-navigation__container has-small-font-size is-responsive items-justified-right wp-block-navigation has-small-font-size\"><li data-wp-context=\"{ &quot;submenuOpenedBy&quot;: { &quot;click&quot;: false, &quot;hover&quot;: false, &quot;focus&quot;: false }, &quot;type&quot;: &quot;submenu&quot;, &quot;modal&quot;: null, &quot;previousFocus&quot;: null }\" data-wp-interactive=\"core\/navigation\" data-wp-on--focusout=\"actions.handleMenuFocusout\" data-wp-on--keydown=\"actions.handleMenuKeydown\" data-wp-on--mouseenter=\"actions.openMenuOnHover\" data-wp-on--mouseleave=\"actions.closeMenuOnHover\" data-wp-watch=\"callbacks.initMenu\" tabindex=\"-1\" class=\"wp-block-navigation-item has-small-font-size has-child open-on-hover-click wp-block-navigation-submenu\"><a class=\"wp-block-navigation-item__content\"><span class=\"wp-block-navigation-item__label\">Services<\/span><\/a><button data-wp-bind--aria-expanded=\"state.isMenuOpen\" data-wp-on--click=\"actions.toggleMenuOnClick\" aria-label=\"SERVICES submenu\" class=\"wp-block-navigation__submenu-icon wp-block-navigation-submenu__toggle\" ><svg xmlns=\"http:\/\/www.w3.org\/2000\/svg\" width=\"12\" height=\"12\" viewbox=\"0 0 12 12\" fill=\"none\" aria-hidden=\"true\" focusable=\"false\"><path d=\"M1.50002 4L6.00002 8L10.5 4\" stroke-width=\"1.5\"><\/path><\/svg><\/button><ul data-wp-on--focus=\"actions.openMenuOnFocus\" class=\"wp-block-navigation__submenu-container wp-block-navigation-submenu\"><li class=\"has-small-font-size wp-block-navigation-item wp-block-navigation-link\"><a class=\"wp-block-navigation-item__content\"  href=\"http:\/\/www.ydros.com\/en\/landing\/\"><span class=\"wp-block-navigation-item__label\">Neuro-Formation<\/span><\/a><\/li><li class=\"has-small-font-size wp-block-navigation-item wp-block-navigation-link\"><a class=\"wp-block-navigation-item__content\"  href=\"http:\/\/www.ydros.com\/en\/metodologia-agiles\/\"><span class=\"wp-block-navigation-item__label\">Agile way<\/span><\/a><\/li><li class=\"has-small-font-size wp-block-navigation-item wp-block-navigation-link\"><a class=\"wp-block-navigation-item__content\"  href=\"http:\/\/www.ydros.com\/en\/landing\/people\/\"><span class=\"wp-block-navigation-item__label\">People 360\u00ba<\/span><\/a><\/li><li class=\"has-small-font-size wp-block-navigation-item wp-block-navigation-link\"><a class=\"wp-block-navigation-item__content\"  href=\"http:\/\/www.ydros.com\/en\/coaching\/\"><span class=\"wp-block-navigation-item__label\">High-Impact Coaching<\/span><\/a><\/li><\/ul><\/li><\/ul>\n\t\t\t\t\t\t\t<\/div>\n\t\t\t\t\t\t<\/div>\n\t\t\t\t\t<\/div>\n\t\t\t\t<\/div><\/nav>\n\n\n<p><a href=\"http:\/\/www.ydros.com\/en\/news\/\" data-type=\"page\" data-id=\"569\">NEWS<\/a><\/p>\n\n\n\n<div class=\"wp-block-group is-layout-flex wp-block-group-is-layout-flex\"><nav class=\"is-responsive items-justified-right wp-block-navigation is-content-justification-right is-layout-flex wp-container-core-navigation-is-layout-f665d2b5 wp-block-navigation-is-layout-flex\" aria-label=\"Headder\" \n\t\t data-wp-interactive=\"core\/navigation\" data-wp-context='{\"overlayOpenedBy\":{\"click\":false,\"hover\":false,\"focus\":false},\"type\":\"overlay\",\"roleAttribute\":\"\",\"ariaLabel\":\"Menu\"}'><button aria-haspopup=\"dialog\" aria-label=\"Open menu\" class=\"wp-block-navigation__responsive-container-open\" \n\t\t\t\tdata-wp-on--click=\"actions.openMenuOnClick\"\n\t\t\t\tdata-wp-on--keydown=\"actions.handleMenuKeydown\"\n\t\t\t><svg width=\"24\" height=\"24\" xmlns=\"http:\/\/www.w3.org\/2000\/svg\" viewbox=\"0 0 24 24\" aria-hidden=\"true\" focusable=\"false\"><path d=\"M4 7.5h16v1.5H4z\"><\/path><path d=\"M4 15h16v1.5H4z\"><\/path><\/svg><\/button>\n\t\t\t\t<div class=\"wp-block-navigation__responsive-container\"  id=\"modal-2\" \n\t\t\t\tdata-wp-class--has-modal-open=\"state.isMenuOpen\"\n\t\t\t\tdata-wp-class--is-menu-open=\"state.isMenuOpen\"\n\t\t\t\tdata-wp-watch=\"callbacks.initMenu\"\n\t\t\t\tdata-wp-on--keydown=\"actions.handleMenuKeydown\"\n\t\t\t\tdata-wp-on--focusout=\"actions.handleMenuFocusout\"\n\t\t\t\ttabindex=\"-1\"\n\t\t\t>\n\t\t\t\t\t<div class=\"wp-block-navigation__responsive-close\" tabindex=\"-1\">\n\t\t\t\t\t\t<div class=\"wp-block-navigation__responsive-dialog\" \n\t\t\t\tdata-wp-bind--aria-modal=\"state.ariaModal\"\n\t\t\t\tdata-wp-bind--aria-label=\"state.ariaLabel\"\n\t\t\t\tdata-wp-bind--role=\"state.roleAttribute\"\n\t\t\t>\n\t\t\t\t\t\t\t<button aria-label=\"Close menu\" class=\"wp-block-navigation__responsive-container-close\" \n\t\t\t\tdata-wp-on--click=\"actions.closeMenuOnClick\"\n\t\t\t><svg xmlns=\"http:\/\/www.w3.org\/2000\/svg\" viewbox=\"0 0 24 24\" width=\"24\" height=\"24\" aria-hidden=\"true\" focusable=\"false\"><path d=\"m13.06 12 6.47-6.47-1.06-1.06L12 10.94 5.53 4.47 4.47 5.53 10.94 12l-6.47 6.47 1.06 1.06L12 13.06l6.47 6.47 1.06-1.06L13.06 12Z\"><\/path><\/svg><\/button>\n\t\t\t\t\t\t\t<div class=\"wp-block-navigation__responsive-container-content\" \n\t\t\t\tdata-wp-watch=\"callbacks.focusFirstElement\"\n\t\t\t id=\"modal-2-content\">\n\t\t\t\t\t\t\t\t<ul class=\"wp-block-navigation__container is-responsive items-justified-right wp-block-navigation\"><li class=\"wp-block-navigation-item wp-block-navigation-link has-small-font-size\"><a class=\"wp-block-navigation-item__content\"  href=\"http:\/\/ydros@ydros.com\"><span class=\"wp-block-navigation-item__label\">http:\/\/ydros@ydros.com<\/span><\/a><\/li><\/ul>\n\t\t\t\t\t\t\t<\/div>\n\t\t\t\t\t\t<\/div>\n\t\t\t\t\t<\/div>\n\t\t\t\t<\/div><\/nav><\/div>\n<\/div>\n<\/div>\n\n\n\n<div class=\"wp-block-group has-black-background-color has-background is-layout-constrained wp-container-core-group-is-layout-22177b6a wp-block-group-is-layout-constrained\" style=\"padding-top:100px;padding-bottom:100px\">\n<div class=\"wp-block-columns is-layout-flex wp-container-core-columns-is-layout-28f84493 wp-block-columns-is-layout-flex\">\n<div class=\"wp-block-column is-layout-flow wp-block-column-is-layout-flow\">\n<div class=\"wp-block-group is-layout-flow wp-block-group-is-layout-flow\">\n<div class=\"wp-block-columns is-layout-flex wp-container-core-columns-is-layout-28f84493 wp-block-columns-is-layout-flex\">\n<div class=\"wp-block-column is-layout-flow wp-block-column-is-layout-flow\">\n<h2 class=\"wp-block-heading has-text-align-left is-style-lineseparator zeever-animate zeever-move-right zeever-delay-1 has-zeever-primary-color has-text-color has-heading-2-font-size\">YDROS<\/h2>\n\n\n\n<h2 class=\"wp-block-heading has-text-align-left zeever-animate zeever-move-right zeever-delay-3 has-zeever-secondary-color has-text-color has-tiny-font-size\" style=\"font-style:normal;font-weight:500;text-transform:uppercase\">We drive change through training<\/h2>\n<\/div>\n\n\n\n<div class=\"wp-block-column is-layout-flow wp-block-column-is-layout-flow\"><\/div>\n<\/div>\n<\/div>\n\n\n\n<div class=\"wp-block-group is-layout-flow wp-block-group-is-layout-flow\" style=\"padding-top:40px\">\n<div class=\"wp-block-columns is-layout-flex wp-container-core-columns-is-layout-28f84493 wp-block-columns-is-layout-flex\">\n<div class=\"wp-block-column is-vertically-aligned-bottom is-layout-flow wp-block-column-is-layout-flow\">\n<div class=\"wp-block-cover\" style=\"padding-left:20px;min-height:580px;aspect-ratio:unset;\"><span aria-hidden=\"true\" class=\"wp-block-cover__background has-background-dim-30 has-background-dim\" style=\"background-color:#050505\"><\/span><img fetchpriority=\"high\" decoding=\"async\" width=\"1280\" height=\"800\" class=\"wp-block-cover__image-background wp-image-475\" alt=\"\" src=\"http:\/\/www.ydros.com\/wp-content\/uploads\/2024\/11\/WhatsApp-Image-2024-11-23-at-13.47.49.jpeg\" style=\"object-position:42% 37%\" data-object-fit=\"cover\" data-object-position=\"42% 37%\" srcset=\"https:\/\/www.ydros.com\/wp-content\/uploads\/2024\/11\/WhatsApp-Image-2024-11-23-at-13.47.49.jpeg 1280w, https:\/\/www.ydros.com\/wp-content\/uploads\/2024\/11\/WhatsApp-Image-2024-11-23-at-13.47.49-300x188.jpeg 300w, https:\/\/www.ydros.com\/wp-content\/uploads\/2024\/11\/WhatsApp-Image-2024-11-23-at-13.47.49-1024x640.jpeg 1024w, https:\/\/www.ydros.com\/wp-content\/uploads\/2024\/11\/WhatsApp-Image-2024-11-23-at-13.47.49-768x480.jpeg 768w, https:\/\/www.ydros.com\/wp-content\/uploads\/2024\/11\/WhatsApp-Image-2024-11-23-at-13.47.49-18x12.jpeg 18w\" sizes=\"(max-width: 1280px) 100vw, 1280px\" \/><div class=\"wp-block-cover__inner-container is-layout-flow wp-block-cover-is-layout-flow\">\n<div style=\"height:480px\" aria-hidden=\"true\" class=\"wp-block-spacer\"><\/div>\n\n\n\n<h2 class=\"wp-block-heading has-text-align-left zeever-animate zeever-move-up zeever-delay-1 has-zeever-primary-color has-text-color has-large-font-size\" style=\"font-style:normal;font-weight:600\">Who are we?<\/h2>\n\n\n\n<p class=\"has-zeever-primary-color has-text-color has-tiny-font-size\">Proximity and tailored solutions<\/p>\n<\/div><\/div>\n<\/div>\n\n\n\n<div class=\"wp-block-column is-layout-flow wp-block-column-is-layout-flow\">\n<div class=\"wp-block-group is-layout-flow wp-block-group-is-layout-flow\">\n<div class=\"wp-block-columns is-layout-flex wp-container-core-columns-is-layout-28f84493 wp-block-columns-is-layout-flex\">\n<div class=\"wp-block-column is-layout-flow wp-block-column-is-layout-flow\">\n<div class=\"wp-block-cover is-light\" style=\"min-height:280px;aspect-ratio:unset;\"><span aria-hidden=\"true\" class=\"wp-block-cover__background has-background-dim-30 has-background-dim\"><\/span><img decoding=\"async\" class=\"wp-block-cover__image-background wp-image-113\" alt=\"\" src=\"http:\/\/www.ydros.com\/wp-content\/themes\/zeever\/assets\/img\/employee-meeting-work-job-working-argentina-1599057-pxhere.com.webp\" data-object-fit=\"cover\"\/><div class=\"wp-block-cover__inner-container is-layout-flow wp-block-cover-is-layout-flow\">\n<div style=\"height:140px\" aria-hidden=\"true\" class=\"wp-block-spacer\"><\/div>\n\n\n\n<h2 class=\"wp-block-heading has-text-align-left zeever-animate zeever-move-up zeever-delay-1 has-zeever-primary-color has-text-color has-large-font-size\" style=\"font-style:normal;font-weight:600\">What do we promote?<\/h2>\n\n\n\n<p class=\"has-zeever-primary-color has-text-color has-tiny-font-size\">Growth and transformation<\/p>\n<\/div><\/div>\n<\/div>\n<\/div>\n<\/div>\n\n\n\n<div class=\"wp-block-group is-layout-flow wp-block-group-is-layout-flow\" style=\"padding-top:20px\">\n<div class=\"wp-block-columns is-layout-flex wp-container-core-columns-is-layout-28f84493 wp-block-columns-is-layout-flex\">\n<div class=\"wp-block-column is-layout-flow wp-block-column-is-layout-flow\">\n<div class=\"wp-block-cover is-light\" style=\"min-height:280px;aspect-ratio:unset;\"><span aria-hidden=\"true\" class=\"wp-block-cover__background has-background-dim-30 has-background-dim\" style=\"background-color:#9d928d\"><\/span><img decoding=\"async\" width=\"1600\" height=\"1319\" class=\"wp-block-cover__image-background wp-image-477\" alt=\"\" src=\"http:\/\/www.ydros.com\/wp-content\/uploads\/2024\/11\/WhatsApp-Image-2024-11-23-at-13.48.49.jpeg\" style=\"object-position:56% 0%\" data-object-fit=\"cover\" data-object-position=\"56% 0%\" srcset=\"https:\/\/www.ydros.com\/wp-content\/uploads\/2024\/11\/WhatsApp-Image-2024-11-23-at-13.48.49.jpeg 1600w, https:\/\/www.ydros.com\/wp-content\/uploads\/2024\/11\/WhatsApp-Image-2024-11-23-at-13.48.49-300x247.jpeg 300w, https:\/\/www.ydros.com\/wp-content\/uploads\/2024\/11\/WhatsApp-Image-2024-11-23-at-13.48.49-1024x844.jpeg 1024w, https:\/\/www.ydros.com\/wp-content\/uploads\/2024\/11\/WhatsApp-Image-2024-11-23-at-13.48.49-768x633.jpeg 768w, https:\/\/www.ydros.com\/wp-content\/uploads\/2024\/11\/WhatsApp-Image-2024-11-23-at-13.48.49-1536x1266.jpeg 1536w, https:\/\/www.ydros.com\/wp-content\/uploads\/2024\/11\/WhatsApp-Image-2024-11-23-at-13.48.49-15x12.jpeg 15w\" sizes=\"(max-width: 1600px) 100vw, 1600px\" \/><div class=\"wp-block-cover__inner-container is-layout-flow wp-block-cover-is-layout-flow\">\n<div style=\"height:140px\" aria-hidden=\"true\" class=\"wp-block-spacer\"><\/div>\n\n\n\n<h2 class=\"wp-block-heading has-text-align-left zeever-animate zeever-move-up zeever-delay-1 has-zeever-primary-color has-text-color has-large-font-size\" style=\"font-style:normal;font-weight:600\"><a href=\"http:\/\/www.ydros.com\/en\/Ref\/\" data-type=\"link\" data-id=\"http:\/\/www.ydros.com\/Ref\/\" target=\"_blank\" rel=\"noreferrer noopener\">Customers<\/a><\/h2>\n\n\n\n<p class=\"has-zeever-primary-color has-text-color has-tiny-font-size\"><\/p>\n<\/div><\/div>\n<\/div>\n<\/div>\n<\/div>\n<\/div>\n<\/div>\n<\/div>\n\n\n\n<div class=\"wp-block-group is-layout-flow wp-block-group-is-layout-flow\" style=\"padding-top:80px\">\n<div class=\"wp-block-columns is-layout-flex wp-container-core-columns-is-layout-28f84493 wp-block-columns-is-layout-flex\">\n<div class=\"wp-block-column is-layout-flow wp-block-column-is-layout-flow\" style=\"padding-right:60px\">\n<h2 class=\"wp-block-heading has-text-align-center zeever-animate zeever-move-up zeever-delay-1 has-zeever-primary-color has-text-color\" style=\"font-size:21px\"><strong>WHO ARE WE?<\/strong><\/h2>\n\n\n\n<p class=\"has-text-align-center has-zeever-bodytext-color has-text-color\">We are a consultancy scalable that offers comprehensive solutions and customized. We adapt to the unique needs of every client, while always maintaining a close focus and detailed.<\/p>\n<\/div>\n\n\n\n<div class=\"wp-block-column is-layout-flow wp-block-column-is-layout-flow\" style=\"padding-right:60px\">\n<h2 class=\"wp-block-heading has-text-align-center zeever-animate zeever-move-up zeever-delay-1 has-zeever-primary-color has-text-color\" style=\"font-size:21px\"><strong>WHAT DO WE PROMOTE?<\/strong><\/h2>\n\n\n\n<p class=\"has-text-align-center zeever-animate zeever-move-up zeever-delay-3 has-zeever-bodytext-color has-text-color\">In Ydros, we are a strategic partner dedicated to driving the growth and transformation of organizations. We offer executive coaching, personalized, agile methodologies, and development of management skills of people, all with the goal of helping companies to rediscover and reinvent themselves in an ever-changing environment.<\/p>\n<\/div>\n\n\n\n<div class=\"wp-block-column is-layout-flow wp-block-column-is-layout-flow\" style=\"padding-right:60px\">\n<h2 class=\"wp-block-heading has-text-align-center zeever-animate zeever-move-up zeever-delay-1 has-zeever-primary-color has-text-color\" style=\"font-size:21px\"><strong>HOW DO WE GROW?<\/strong><\/h2>\n\n\n\n<p class=\"has-text-align-center zeever-animate zeever-move-up zeever-delay-3 has-zeever-bodytext-color has-text-color\">Our growth and success are directly linked to the results that we generate in the companies with which we work: only we grow when our clients do. This motivates us to engage in a background, looking for maximum impact and continuous improvement in every project.<\/p>\n<\/div>\n<\/div>\n<\/div>\n<\/div>\n<\/div>\n<\/div>\n\n\n\n<div class=\"wp-block-group alignfull is-layout-constrained wp-container-core-group-is-layout-c28eb943 wp-block-group-is-layout-constrained\" style=\"padding-top:var(--wp--preset--spacing--30);padding-right:var(--wp--preset--spacing--80);padding-bottom:var(--wp--preset--spacing--30);padding-left:var(--wp--preset--spacing--80)\">\n<div class=\"wp-block-essential-blocks-button  root-eb-button-fk62y\"><div class=\"eb-parent-wrapper eb-parent-eb-button-fk62y\"><div class=\"eb-button-wrapper eb-button-alignment eb-button-fk62y\"><div class=\"eb-button\"><a class=\"eb-button-anchor\" href=\"http:\/\/www.ydros.com\/en\/Ref\/\" rel=\"noopener\">Our Customers<\/a><\/div><\/div><\/div><\/div>\n\n\n\n<p><\/p>\n<\/div>\n\n\n\n<p><\/p>\n\n\n\n<p><\/p>\n\n\n\n<p><\/p>\n\n\n\n<p><\/p>","protected":false},"excerpt":{"rendered":"<p>NEWS YDROS Impulsamos el cambio a trav\u00e9s de la formaci\u00f3n \u00bfQUI\u00c9NES SOMOS? Somos una consultora escalable que ofrece soluciones integrales y personalizadas. Nos adaptamos a las necesidades \u00fanicas de cada cliente, manteniendo siempre un enfoque cercano y detallado. \u00bfQUE IMPULSAMOS? En Ydros, somos un socio estrat\u00e9gico dedicado a impulsar el crecimiento y la transformaci\u00f3n de las organizaciones. Ofrecemos coaching ejecutivo personalizado, metodolog\u00edas \u00e1giles y desarrollo de habilidades de gesti\u00f3n de personas, todo con el objetivo de ayudar a las empresas a redescubrirse y reinventarse en un entorno en constante cambio. \u00bfCOMO CRECEMOS? Nuestro crecimiento y \u00e9xito est\u00e1n directamente ligados a<\/p>","protected":false},"author":1,"featured_media":133,"parent":0,"menu_order":0,"comment_status":"closed","ping_status":"closed","template":"elementor_canvas","meta":{"_eb_attr":"","footnotes":""},"class_list":["post-202","page","type-page","status-publish","has-post-thumbnail","hentry"],"_links":{"self":[{"href":"https:\/\/www.ydros.com\/en\/wp-json\/wp\/v2\/pages\/202","targetHints":{"allow":["GET"]}}],"collection":[{"href":"https:\/\/www.ydros.com\/en\/wp-json\/wp\/v2\/pages"}],"about":[{"href":"https:\/\/www.ydros.com\/en\/wp-json\/wp\/v2\/types\/page"}],"author":[{"embeddable":true,"href":"https:\/\/www.ydros.com\/en\/wp-json\/wp\/v2\/users\/1"}],"replies":[{"embeddable":true,"href":"https:\/\/www.ydros.com\/en\/wp-json\/wp\/v2\/comments?post=202"}],"version-history":[{"count":44,"href":"https:\/\/www.ydros.com\/en\/wp-json\/wp\/v2\/pages\/202\/revisions"}],"predecessor-version":[{"id":632,"href":"https:\/\/www.ydros.com\/en\/wp-json\/wp\/v2\/pages\/202\/revisions\/632"}],"wp:featuredmedia":[{"embeddable":true,"href":"https:\/\/www.ydros.com\/en\/wp-json\/wp\/v2\/media\/133"}],"wp:attachment":[{"href":"https:\/\/www.ydros.com\/en\/wp-json\/wp\/v2\/media?parent=202"}],"curies":[{"name":"wp","href":"https:\/\/api.w.org\/{rel}","templated":true}]}}