{"id":240,"date":"2024-09-24T09:11:30","date_gmt":"2024-09-24T09:11:30","guid":{"rendered":"http:\/\/www.ydros.com\/?page_id=240"},"modified":"2024-09-24T09:18:59","modified_gmt":"2024-09-24T09:18:59","slug":"gestion","status":"publish","type":"page","link":"https:\/\/www.ydros.com\/en\/home\/gestion\/","title":{"rendered":"gesti\u00f3n"},"content":{"rendered":"<div class=\"wp-block-group alignfull is-layout-constrained wp-container-core-group-is-layout-23b1a4dc wp-block-group-is-layout-constrained\" style=\"padding-top:var(--wp--preset--spacing--30);padding-right:var(--wp--preset--spacing--30);padding-bottom:var(--wp--preset--spacing--30);padding-left:var(--wp--preset--spacing--30)\">\n<div class=\"wp-block-group alignwide is-content-justification-space-between is-layout-flex wp-container-core-group-is-layout-b585a4aa wp-block-group-is-layout-flex\">\n<div class=\"wp-block-group is-layout-flex wp-container-core-group-is-layout-7a92790e wp-block-group-is-layout-flex\"><div class=\"wp-block-site-logo\"><a href=\"https:\/\/www.ydros.com\/en\/\" class=\"custom-logo-link\" rel=\"home\"><img decoding=\"async\" width=\"41\" height=\"39\" src=\"https:\/\/www.ydros.com\/wp-content\/uploads\/2024\/09\/ydroslogofondotransparente-transformed-1.png\" class=\"custom-logo\" alt=\"YDROS\" srcset=\"https:\/\/www.ydros.com\/wp-content\/uploads\/2024\/09\/ydroslogofondotransparente-transformed-1.png 772w, https:\/\/www.ydros.com\/wp-content\/uploads\/2024\/09\/ydroslogofondotransparente-transformed-1-300x286.png 300w, https:\/\/www.ydros.com\/wp-content\/uploads\/2024\/09\/ydroslogofondotransparente-transformed-1-768x732.png 768w\" sizes=\"(max-width: 41px) 100vw, 41px\" \/><\/a><\/div>\n\n<h1 class=\"has-link-color wp-elements-d6202aa7d337f2ce08aedc8ed261a84e wp-block-site-title\"><a href=\"https:\/\/www.ydros.com\/en\" target=\"_self\" rel=\"home\">YDROS<\/a><\/h1><\/div>\n\n\n<nav class=\"is-responsive items-justified-right wp-block-navigation is-content-justification-right is-layout-flex wp-container-core-navigation-is-layout-f665d2b5 wp-block-navigation-is-layout-flex\" aria-label=\"Headder\" \n\t\t data-wp-interactive=\"core\/navigation\" data-wp-context='{\"overlayOpenedBy\":{\"click\":false,\"hover\":false,\"focus\":false},\"type\":\"overlay\",\"roleAttribute\":\"\",\"ariaLabel\":\"Menu\"}'><button aria-haspopup=\"dialog\" aria-label=\"Open menu\" class=\"wp-block-navigation__responsive-container-open\" \n\t\t\t\tdata-wp-on--click=\"actions.openMenuOnClick\"\n\t\t\t\tdata-wp-on--keydown=\"actions.handleMenuKeydown\"\n\t\t\t><svg width=\"24\" height=\"24\" xmlns=\"http:\/\/www.w3.org\/2000\/svg\" viewbox=\"0 0 24 24\" aria-hidden=\"true\" focusable=\"false\"><path d=\"M4 7.5h16v1.5H4z\"><\/path><path d=\"M4 15h16v1.5H4z\"><\/path><\/svg><\/button>\n\t\t\t\t<div class=\"wp-block-navigation__responsive-container\"  id=\"modal-1\" \n\t\t\t\tdata-wp-class--has-modal-open=\"state.isMenuOpen\"\n\t\t\t\tdata-wp-class--is-menu-open=\"state.isMenuOpen\"\n\t\t\t\tdata-wp-watch=\"callbacks.initMenu\"\n\t\t\t\tdata-wp-on--keydown=\"actions.handleMenuKeydown\"\n\t\t\t\tdata-wp-on--focusout=\"actions.handleMenuFocusout\"\n\t\t\t\ttabindex=\"-1\"\n\t\t\t>\n\t\t\t\t\t<div class=\"wp-block-navigation__responsive-close\" tabindex=\"-1\">\n\t\t\t\t\t\t<div class=\"wp-block-navigation__responsive-dialog\" \n\t\t\t\tdata-wp-bind--aria-modal=\"state.ariaModal\"\n\t\t\t\tdata-wp-bind--aria-label=\"state.ariaLabel\"\n\t\t\t\tdata-wp-bind--role=\"state.roleAttribute\"\n\t\t\t>\n\t\t\t\t\t\t\t<button aria-label=\"Close menu\" class=\"wp-block-navigation__responsive-container-close\" \n\t\t\t\tdata-wp-on--click=\"actions.closeMenuOnClick\"\n\t\t\t><svg xmlns=\"http:\/\/www.w3.org\/2000\/svg\" viewbox=\"0 0 24 24\" width=\"24\" height=\"24\" aria-hidden=\"true\" focusable=\"false\"><path d=\"m13.06 12 6.47-6.47-1.06-1.06L12 10.94 5.53 4.47 4.47 5.53 10.94 12l-6.47 6.47 1.06 1.06L12 13.06l6.47 6.47 1.06-1.06L13.06 12Z\"><\/path><\/svg><\/button>\n\t\t\t\t\t\t\t<div class=\"wp-block-navigation__responsive-container-content\" \n\t\t\t\tdata-wp-watch=\"callbacks.focusFirstElement\"\n\t\t\t id=\"modal-1-content\">\n\t\t\t\t\t\t\t\t<ul class=\"wp-block-navigation__container is-responsive items-justified-right wp-block-navigation\"><li class=\"wp-block-navigation-item wp-block-navigation-link has-small-font-size\"><a class=\"wp-block-navigation-item__content\"  href=\"http:\/\/ydros@ydros.com\"><span class=\"wp-block-navigation-item__label\">http:\/\/ydros@ydros.com<\/span><\/a><\/li><\/ul>\n\t\t\t\t\t\t\t<\/div>\n\t\t\t\t\t\t<\/div>\n\t\t\t\t\t<\/div>\n\t\t\t\t<\/div><\/nav><\/div>\n<\/div>\n\n\n\n<div class=\"wp-block-group has-zeever-bgsoft-background-color has-background is-layout-constrained wp-container-core-group-is-layout-22177b6a wp-block-group-is-layout-constrained\" style=\"padding-top:100px;padding-bottom:100px\">\n<div class=\"wp-block-columns is-layout-flex wp-container-core-columns-is-layout-28f84493 wp-block-columns-is-layout-flex\">\n<div class=\"wp-block-column is-layout-flow wp-block-column-is-layout-flow\">\n<div class=\"wp-block-group is-layout-flow wp-block-group-is-layout-flow\">\n<div class=\"wp-block-columns is-layout-flex wp-container-core-columns-is-layout-28f84493 wp-block-columns-is-layout-flex\">\n<div class=\"wp-block-column is-layout-flow wp-block-column-is-layout-flow\">\n<h3 class=\"wp-block-heading has-text-align-left zeever-animate zeever-move-right zeever-delay-1 is-style-default has-zeever-primary-color has-text-color has-heading-2-font-size\"><strong>Gesti\u00f3n de personas<\/strong><\/h3>\n\n\n\n<h2 class=\"wp-block-heading has-text-align-left zeever-animate zeever-move-right zeever-delay-3 has-zeever-secondary-color has-text-color has-tiny-font-size\" style=\"font-style:normal;font-weight:500;text-transform:uppercase\">Somos <strong>expertos en potenciar las habilidades relacionadas con la gesti\u00f3n de personas<\/strong> dentro de la empresa, ayudando a l\u00edderes y equipos a mejorar su capacidad para dirigir y motivar en una amplia variedad de entornos. A lo largo de los a\u00f1os, hemos trabajado con \u00e9xito en diferentes \u00e1reas como:<\/h2>\n<\/div>\n\n\n\n<div class=\"wp-block-column is-layout-flow wp-block-column-is-layout-flow\"><\/div>\n<\/div>\n<\/div>\n\n\n\n<div class=\"wp-block-group zeever-animate zeever-move-up zeever-delay-3 is-layout-constrained wp-container-core-group-is-layout-32cee7d8 wp-block-group-is-layout-constrained\" style=\"padding-top:40px\">\n<div class=\"wp-block-columns is-layout-flex wp-container-core-columns-is-layout-28f84493 wp-block-columns-is-layout-flex\">\n<div class=\"wp-block-column is-style-customborderbottomhover zeever-animate zeever-move-up zeever-delay-1 has-background is-layout-flow wp-block-column-is-layout-flow\" style=\"background-color:#121212;padding-top:50px;padding-right:40px;padding-bottom:50px;padding-left:40px\">\n<figure class=\"wp-block-image size-full is-resized\"><img decoding=\"async\" src=\"http:\/\/www.ydros.com\/wp-content\/themes\/zeever\/assets\/img\/strategy.webp\" alt=\"\" class=\"wp-image-135\" style=\"width:50px;height:50px\"\/><\/figure>\n\n\n\n<h2 class=\"wp-block-heading has-text-align-left has-zeever-primary-color has-text-color has-heading-3-font-size\" style=\"margin-top:30px;margin-bottom:20px\"><strong>Production<\/strong><\/h2>\n\n\n\n<p class=\"has-text-align-left has-zeever-bodytext-color has-text-color\" style=\"font-size:14px\">We build the capacity of leaders to manage teams operating, optimizing efficiency and collaboration in industrial environments.<\/p>\n<\/div>\n\n\n\n<div class=\"wp-block-column is-style-customborderbottom zeever-animate zeever-move-up zeever-delay-3 has-zeever-secondary-background-color has-background is-layout-flow wp-block-column-is-layout-flow\" style=\"padding-top:50px;padding-right:40px;padding-bottom:0px;padding-left:40px\">\n<figure class=\"wp-block-image size-full is-resized\"><img decoding=\"async\" src=\"http:\/\/www.ydros.com\/wp-content\/themes\/zeever\/assets\/img\/ui-design.webp\" alt=\"\" class=\"wp-image-130\" style=\"width:50px;height:50px\"\/><\/figure>\n\n\n\n<h2 class=\"wp-block-heading has-text-align-left has-black-color has-text-color has-heading-3-font-size\" style=\"margin-top:20px;font-style:normal;font-weight:600\"><strong>Call centers<\/strong><\/h2>\n\n\n\n<p class=\"has-text-align-left has-zeever-bgsoft-color has-text-color\">We help supervisors and managers to lead teams of customer care, improving communication, conflict resolution, and the performance under pressure.<\/p>\n<\/div>\n\n\n\n<div class=\"wp-block-column is-style-customborderbottomhover zeever-animate zeever-move-up zeever-delay-1 has-background is-layout-flow wp-block-column-is-layout-flow\" style=\"background-color:#121212;padding-top:50px;padding-right:40px;padding-bottom:50px;padding-left:40px\">\n<figure class=\"wp-block-image size-full is-resized\"><img decoding=\"async\" src=\"http:\/\/www.ydros.com\/wp-content\/themes\/zeever\/assets\/img\/strategy.webp\" alt=\"\" class=\"wp-image-135\" style=\"width:50px;height:50px\"\/><\/figure>\n\n\n\n<h2 class=\"wp-block-heading has-text-align-left has-zeever-primary-color has-text-color has-heading-3-font-size\" style=\"margin-top:30px;margin-bottom:20px\"><strong>Commercial environments<\/strong><\/h2>\n\n\n\n<p class=\"has-text-align-left has-zeever-bodytext-color has-text-color\" style=\"font-size:14px\">We promote management skills in the areas of sales and trade, with a focus on motivation, training and development of teams are highly competitive.<\/p>\n<\/div>\n\n\n\n<div class=\"wp-block-column is-style-customborderbottomhover zeever-animate zeever-move-up zeever-delay-5 has-zeever-third-color has-zeever-secondary-background-color has-text-color has-background has-link-color wp-elements-44b115a615f5e163cf7351b20e339150 is-layout-flow wp-block-column-is-layout-flow\" style=\"padding-top:50px;padding-right:40px;padding-bottom:50px;padding-left:40px\">\n<figure class=\"wp-block-image size-full is-resized wp-duotone-000000-rgb000-2\"><img decoding=\"async\" src=\"http:\/\/www.ydros.com\/wp-content\/themes\/zeever\/assets\/img\/content.webp\" alt=\"\" class=\"wp-image-133\" style=\"aspect-ratio:1;width:50px;height:auto\"\/><\/figure>\n\n\n\n<h2 class=\"wp-block-heading has-text-align-left has-zeever-third-color has-text-color has-heading-3-font-size\" style=\"margin-top:30px;margin-bottom:20px;font-style:normal;font-weight:600\"><strong>Areas of claims and billing<\/strong><\/h2>\n\n\n\n<p class=\"has-text-align-left has-zeever-third-color has-text-color\" style=\"font-size:14px\">We develop key skills to manage teams in delicate situations, improving the ability of problem solving, attention to detail and leadership in times of stress.<\/p>\n<\/div>\n<\/div>\n<\/div>\n<\/div>\n<\/div>\n<\/div>\n\n\n\n<div class=\"guten-element gutenverse-text-editor guten-ETEmio\"><div class=\"text-content-inner\">\n<p><\/p>\n\n\n\n<p class=\"has-zeever-secondary-color has-text-color has-background has-link-color has-small-font-size wp-elements-dfaec5bade988023c448c73d4cdcb1cd\" style=\"background-color:#0b0c10\">Nuestra experiencia abarca una diversidad de sectores y entornos, adaptando nuestras estrategias a las necesidades espec\u00edficas de cada \u00e1rea para garantizar una gesti\u00f3n de personas efectiva y un rendimiento superior en toda la organizaci\u00f3n.<\/p>\n<\/div><\/div>\n\n\n\n<div class=\"wp-block-essential-blocks-text  root-eb-text-7d241\"><div class=\"eb-parent-wrapper eb-parent-eb-text-7d241\"><div class=\"eb-text-wrapper eb-text-7d241\" data-id=\"eb-text-7d241\"><h5 class=\"eb-text\"><br><br>         \u00b7\u00a0\u00a0\u00a0\u00a0\u00a0\u00a0\u00a0\u00a0\u00abLiderazgo que transforma equipos, resultados que impactan\u00bb<br><br>         \u00b7\u00a0\u00a0\u00a0\u00a0\u00a0\u00a0\u00a0\u00a0\u00abPotenciamos la gesti\u00f3n, maximizamos el rendimiento\u00bb<br><br>         \u00b7\u00a0\u00a0\u00a0\u00a0\u00a0\u00a0\u00a0\u00a0\u201cTransformamos l\u00edderes, potenciamos equipos\u00bb<br><br>         \u00b7\u00a0\u00a0\u00a0\u00a0\u00a0\u00a0\u00a0\u00a0\u00abGesti\u00f3n de personas, \u00e9xito en cada \u00e1rea\u00bb<br><br>         \u00b7\u00a0\u00a0\u00a0\u00a0\u00a0\u00a0\u00a0\u00a0\u00abLidera con \u00e9xito, desde la producci\u00f3n hasta el cliente final\u00bb<br><br><\/h5><\/div><\/div><\/div>\n\n\n\n<p><\/p>","protected":false},"excerpt":{"rendered":"<p>Gesti\u00f3n de personas Somos expertos en potenciar las habilidades relacionadas con la gesti\u00f3n de personas dentro de la empresa, ayudando a l\u00edderes y equipos a mejorar su capacidad para dirigir y motivar en una amplia variedad de entornos. A lo largo de los a\u00f1os, hemos trabajado con \u00e9xito en diferentes \u00e1reas como: Producci\u00f3n Fortalecemos la capacidad de los l\u00edderes para gestionar equipos operativos, optimizando la eficiencia y la colaboraci\u00f3n en entornos industriales. Call centers Ayudamos a supervisores y gerentes a liderar equipos de atenci\u00f3n al cliente, mejorando la comunicaci\u00f3n, la resoluci\u00f3n de conflictos y el rendimiento bajo presi\u00f3n. Entornos comerciales<\/p>","protected":false},"author":1,"featured_media":0,"parent":195,"menu_order":0,"comment_status":"closed","ping_status":"closed","template":"service","meta":{"_eb_attr":"","footnotes":""},"class_list":["post-240","page","type-page","status-publish","hentry"],"_links":{"self":[{"href":"https:\/\/www.ydros.com\/en\/wp-json\/wp\/v2\/pages\/240","targetHints":{"allow":["GET"]}}],"collection":[{"href":"https:\/\/www.ydros.com\/en\/wp-json\/wp\/v2\/pages"}],"about":[{"href":"https:\/\/www.ydros.com\/en\/wp-json\/wp\/v2\/types\/page"}],"author":[{"embeddable":true,"href":"https:\/\/www.ydros.com\/en\/wp-json\/wp\/v2\/users\/1"}],"replies":[{"embeddable":true,"href":"https:\/\/www.ydros.com\/en\/wp-json\/wp\/v2\/comments?post=240"}],"version-history":[{"count":3,"href":"https:\/\/www.ydros.com\/en\/wp-json\/wp\/v2\/pages\/240\/revisions"}],"predecessor-version":[{"id":246,"href":"https:\/\/www.ydros.com\/en\/wp-json\/wp\/v2\/pages\/240\/revisions\/246"}],"up":[{"embeddable":true,"href":"https:\/\/www.ydros.com\/en\/wp-json\/wp\/v2\/pages\/195"}],"wp:attachment":[{"href":"https:\/\/www.ydros.com\/en\/wp-json\/wp\/v2\/media?parent=240"}],"curies":[{"name":"wp","href":"https:\/\/api.w.org\/{rel}","templated":true}]}}