{"id":471,"date":"2024-11-23T12:45:43","date_gmt":"2024-11-23T12:45:43","guid":{"rendered":"http:\/\/www.ydros.com\/?page_id=471"},"modified":"2024-11-23T20:26:50","modified_gmt":"2024-11-23T20:26:50","slug":"ref","status":"publish","type":"page","link":"https:\/\/www.ydros.com\/en\/landing\/ref\/","title":{"rendered":"Ref"},"content":{"rendered":"<div class=\"wp-block-group alignfull has-background-color has-white-color has-black-background-color has-text-color has-background has-link-color wp-elements-fb6d21464e43adef0f62be1ec06acaf2 is-layout-constrained wp-container-core-group-is-layout-23b1a4dc wp-block-group-is-layout-constrained\" style=\"padding-top:var(--wp--preset--spacing--30);padding-right:var(--wp--preset--spacing--30);padding-bottom:var(--wp--preset--spacing--30);padding-left:var(--wp--preset--spacing--30)\">\n<div class=\"wp-block-group alignwide is-content-justification-space-between is-layout-flex wp-container-core-group-is-layout-b585a4aa wp-block-group-is-layout-flex\">\n<div class=\"wp-block-group is-layout-flex wp-block-group-is-layout-flex\"><div class=\"wp-block-site-logo\"><a href=\"https:\/\/www.ydros.com\/en\/\" class=\"custom-logo-link\" rel=\"home\"><img decoding=\"async\" width=\"37\" height=\"35\" src=\"https:\/\/www.ydros.com\/wp-content\/uploads\/2024\/09\/ydroslogofondotransparente-transformed-1.png\" class=\"custom-logo\" alt=\"YDROS\" srcset=\"https:\/\/www.ydros.com\/wp-content\/uploads\/2024\/09\/ydroslogofondotransparente-transformed-1.png 772w, https:\/\/www.ydros.com\/wp-content\/uploads\/2024\/09\/ydroslogofondotransparente-transformed-1-300x286.png 300w, https:\/\/www.ydros.com\/wp-content\/uploads\/2024\/09\/ydroslogofondotransparente-transformed-1-768x732.png 768w\" sizes=\"(max-width: 37px) 100vw, 37px\" \/><\/a><\/div>\n\n<h4 class=\"has-link-color wp-elements-d438b1fe9c786a49b4c10587c4b0bcc6 wp-block-site-title\"><a href=\"https:\/\/www.ydros.com\/en\" target=\"_self\" rel=\"home\">YDROS<\/a><\/h4><\/div>\n\n\n<nav class=\"has-small-font-size is-responsive items-justified-right wp-block-navigation is-content-justification-right is-layout-flex wp-container-core-navigation-is-layout-f665d2b5 wp-block-navigation-is-layout-flex\" aria-label=\"Agile Path\" \n\t\t data-wp-interactive=\"core\/navigation\" data-wp-context='{\"overlayOpenedBy\":{\"click\":false,\"hover\":false,\"focus\":false},\"type\":\"overlay\",\"roleAttribute\":\"\",\"ariaLabel\":\"Menu\"}'><button aria-haspopup=\"dialog\" aria-label=\"Open menu\" class=\"wp-block-navigation__responsive-container-open\" \n\t\t\t\tdata-wp-on--click=\"actions.openMenuOnClick\"\n\t\t\t\tdata-wp-on--keydown=\"actions.handleMenuKeydown\"\n\t\t\t><svg width=\"24\" height=\"24\" xmlns=\"http:\/\/www.w3.org\/2000\/svg\" viewbox=\"0 0 24 24\" aria-hidden=\"true\" focusable=\"false\"><path d=\"M4 7.5h16v1.5H4z\"><\/path><path d=\"M4 15h16v1.5H4z\"><\/path><\/svg><\/button>\n\t\t\t\t<div class=\"wp-block-navigation__responsive-container\"  id=\"modal-1\" \n\t\t\t\tdata-wp-class--has-modal-open=\"state.isMenuOpen\"\n\t\t\t\tdata-wp-class--is-menu-open=\"state.isMenuOpen\"\n\t\t\t\tdata-wp-watch=\"callbacks.initMenu\"\n\t\t\t\tdata-wp-on--keydown=\"actions.handleMenuKeydown\"\n\t\t\t\tdata-wp-on--focusout=\"actions.handleMenuFocusout\"\n\t\t\t\ttabindex=\"-1\"\n\t\t\t>\n\t\t\t\t\t<div class=\"wp-block-navigation__responsive-close\" tabindex=\"-1\">\n\t\t\t\t\t\t<div class=\"wp-block-navigation__responsive-dialog\" \n\t\t\t\tdata-wp-bind--aria-modal=\"state.ariaModal\"\n\t\t\t\tdata-wp-bind--aria-label=\"state.ariaLabel\"\n\t\t\t\tdata-wp-bind--role=\"state.roleAttribute\"\n\t\t\t>\n\t\t\t\t\t\t\t<button aria-label=\"Close menu\" class=\"wp-block-navigation__responsive-container-close\" \n\t\t\t\tdata-wp-on--click=\"actions.closeMenuOnClick\"\n\t\t\t><svg xmlns=\"http:\/\/www.w3.org\/2000\/svg\" viewbox=\"0 0 24 24\" width=\"24\" height=\"24\" aria-hidden=\"true\" focusable=\"false\"><path d=\"m13.06 12 6.47-6.47-1.06-1.06L12 10.94 5.53 4.47 4.47 5.53 10.94 12l-6.47 6.47 1.06 1.06L12 13.06l6.47 6.47 1.06-1.06L13.06 12Z\"><\/path><\/svg><\/button>\n\t\t\t\t\t\t\t<div class=\"wp-block-navigation__responsive-container-content\" \n\t\t\t\tdata-wp-watch=\"callbacks.focusFirstElement\"\n\t\t\t id=\"modal-1-content\">\n\t\t\t\t\t\t\t\t<ul class=\"wp-block-navigation__container has-small-font-size is-responsive items-justified-right wp-block-navigation has-small-font-size\"><li data-wp-context=\"{ &quot;submenuOpenedBy&quot;: { &quot;click&quot;: false, &quot;hover&quot;: false, &quot;focus&quot;: false }, &quot;type&quot;: &quot;submenu&quot;, &quot;modal&quot;: null, &quot;previousFocus&quot;: null }\" data-wp-interactive=\"core\/navigation\" data-wp-on--focusout=\"actions.handleMenuFocusout\" data-wp-on--keydown=\"actions.handleMenuKeydown\" data-wp-on--mouseenter=\"actions.openMenuOnHover\" data-wp-on--mouseleave=\"actions.closeMenuOnHover\" data-wp-watch=\"callbacks.initMenu\" tabindex=\"-1\" class=\"wp-block-navigation-item has-small-font-size has-child open-on-hover-click wp-block-navigation-submenu\"><a class=\"wp-block-navigation-item__content\"><span class=\"wp-block-navigation-item__label\">Services<\/span><\/a><button data-wp-bind--aria-expanded=\"state.isMenuOpen\" data-wp-on--click=\"actions.toggleMenuOnClick\" aria-label=\"SERVICES submenu\" class=\"wp-block-navigation__submenu-icon wp-block-navigation-submenu__toggle\" ><svg xmlns=\"http:\/\/www.w3.org\/2000\/svg\" width=\"12\" height=\"12\" viewbox=\"0 0 12 12\" fill=\"none\" aria-hidden=\"true\" focusable=\"false\"><path d=\"M1.50002 4L6.00002 8L10.5 4\" stroke-width=\"1.5\"><\/path><\/svg><\/button><ul data-wp-on--focus=\"actions.openMenuOnFocus\" class=\"wp-block-navigation__submenu-container wp-block-navigation-submenu\"><li class=\"has-small-font-size wp-block-navigation-item wp-block-navigation-link\"><a class=\"wp-block-navigation-item__content\"  href=\"http:\/\/www.ydros.com\/en\/landing\/\"><span class=\"wp-block-navigation-item__label\">Neuro-Formation<\/span><\/a><\/li><li class=\"has-small-font-size wp-block-navigation-item wp-block-navigation-link\"><a class=\"wp-block-navigation-item__content\"  href=\"http:\/\/www.ydros.com\/en\/metodologia-agiles\/\"><span class=\"wp-block-navigation-item__label\">Agile way<\/span><\/a><\/li><li class=\"has-small-font-size wp-block-navigation-item wp-block-navigation-link\"><a class=\"wp-block-navigation-item__content\"  href=\"http:\/\/www.ydros.com\/en\/landing\/people\/\"><span class=\"wp-block-navigation-item__label\">People 360\u00ba<\/span><\/a><\/li><li class=\"has-small-font-size wp-block-navigation-item wp-block-navigation-link\"><a class=\"wp-block-navigation-item__content\"  href=\"http:\/\/www.ydros.com\/en\/coaching\/\"><span class=\"wp-block-navigation-item__label\">High-Impact Coaching<\/span><\/a><\/li><\/ul><\/li><\/ul>\n\t\t\t\t\t\t\t<\/div>\n\t\t\t\t\t\t<\/div>\n\t\t\t\t\t<\/div>\n\t\t\t\t<\/div><\/nav>\n\n\n<p><a href=\"http:\/\/www.ydros.com\/en\/news\/\" data-type=\"page\" data-id=\"569\">NEWS<\/a><\/p>\n\n\n\n<div class=\"wp-block-group is-layout-flex wp-block-group-is-layout-flex\"><nav class=\"is-responsive items-justified-right wp-block-navigation is-content-justification-right is-layout-flex wp-container-core-navigation-is-layout-f665d2b5 wp-block-navigation-is-layout-flex\" aria-label=\"Headder\" \n\t\t data-wp-interactive=\"core\/navigation\" data-wp-context='{\"overlayOpenedBy\":{\"click\":false,\"hover\":false,\"focus\":false},\"type\":\"overlay\",\"roleAttribute\":\"\",\"ariaLabel\":\"Menu\"}'><button aria-haspopup=\"dialog\" aria-label=\"Open menu\" class=\"wp-block-navigation__responsive-container-open\" \n\t\t\t\tdata-wp-on--click=\"actions.openMenuOnClick\"\n\t\t\t\tdata-wp-on--keydown=\"actions.handleMenuKeydown\"\n\t\t\t><svg width=\"24\" height=\"24\" xmlns=\"http:\/\/www.w3.org\/2000\/svg\" viewbox=\"0 0 24 24\" aria-hidden=\"true\" focusable=\"false\"><path d=\"M4 7.5h16v1.5H4z\"><\/path><path d=\"M4 15h16v1.5H4z\"><\/path><\/svg><\/button>\n\t\t\t\t<div class=\"wp-block-navigation__responsive-container\"  id=\"modal-2\" \n\t\t\t\tdata-wp-class--has-modal-open=\"state.isMenuOpen\"\n\t\t\t\tdata-wp-class--is-menu-open=\"state.isMenuOpen\"\n\t\t\t\tdata-wp-watch=\"callbacks.initMenu\"\n\t\t\t\tdata-wp-on--keydown=\"actions.handleMenuKeydown\"\n\t\t\t\tdata-wp-on--focusout=\"actions.handleMenuFocusout\"\n\t\t\t\ttabindex=\"-1\"\n\t\t\t>\n\t\t\t\t\t<div class=\"wp-block-navigation__responsive-close\" tabindex=\"-1\">\n\t\t\t\t\t\t<div class=\"wp-block-navigation__responsive-dialog\" \n\t\t\t\tdata-wp-bind--aria-modal=\"state.ariaModal\"\n\t\t\t\tdata-wp-bind--aria-label=\"state.ariaLabel\"\n\t\t\t\tdata-wp-bind--role=\"state.roleAttribute\"\n\t\t\t>\n\t\t\t\t\t\t\t<button aria-label=\"Close menu\" class=\"wp-block-navigation__responsive-container-close\" \n\t\t\t\tdata-wp-on--click=\"actions.closeMenuOnClick\"\n\t\t\t><svg xmlns=\"http:\/\/www.w3.org\/2000\/svg\" viewbox=\"0 0 24 24\" width=\"24\" height=\"24\" aria-hidden=\"true\" focusable=\"false\"><path d=\"m13.06 12 6.47-6.47-1.06-1.06L12 10.94 5.53 4.47 4.47 5.53 10.94 12l-6.47 6.47 1.06 1.06L12 13.06l6.47 6.47 1.06-1.06L13.06 12Z\"><\/path><\/svg><\/button>\n\t\t\t\t\t\t\t<div class=\"wp-block-navigation__responsive-container-content\" \n\t\t\t\tdata-wp-watch=\"callbacks.focusFirstElement\"\n\t\t\t id=\"modal-2-content\">\n\t\t\t\t\t\t\t\t<ul class=\"wp-block-navigation__container is-responsive items-justified-right wp-block-navigation\"><li class=\"wp-block-navigation-item wp-block-navigation-link has-small-font-size\"><a class=\"wp-block-navigation-item__content\"  href=\"http:\/\/ydros@ydros.com\"><span class=\"wp-block-navigation-item__label\">http:\/\/ydros@ydros.com<\/span><\/a><\/li><\/ul>\n\t\t\t\t\t\t\t<\/div>\n\t\t\t\t\t\t<\/div>\n\t\t\t\t\t<\/div>\n\t\t\t\t<\/div><\/nav><\/div>\n<\/div>\n<\/div>\n\n\n\n<div class=\"wp-block-group has-background is-layout-constrained wp-block-group-is-layout-constrained\" style=\"background-color:#121212;padding-top:0px;padding-bottom:100px\">\n<div class=\"wp-block-columns alignfull is-layout-flex wp-container-core-columns-is-layout-28f84493 wp-block-columns-is-layout-flex\">\n<div class=\"wp-block-column is-layout-flow wp-block-column-is-layout-flow\">\n<div class=\"wp-block-group is-layout-flow wp-block-group-is-layout-flow\">\n<div class=\"wp-block-columns is-layout-flex wp-container-core-columns-is-layout-28f84493 wp-block-columns-is-layout-flex\">\n<div class=\"wp-block-column zeever-animate zeever-move-up zeever-delay-1 is-layout-flow wp-block-column-is-layout-flow\">\n<div class=\"wp-block-group has-border-color has-zeever-border-border-color has-black-background-color has-background is-layout-flow wp-block-group-is-layout-flow\" style=\"border-style:solid;border-width:1px;border-top-left-radius:0px;border-top-right-radius:0px;border-bottom-left-radius:0px;border-bottom-right-radius:0px;min-height:350px;margin-top:var(--wp--preset--spacing--40);margin-bottom:var(--wp--preset--spacing--40);padding-top:40px;padding-right:40px;padding-bottom:80px;padding-left:40px\">\n<div class=\"wp-block-columns is-layout-flex wp-container-core-columns-is-layout-28f84493 wp-block-columns-is-layout-flex\">\n<div class=\"wp-block-column is-layout-flow wp-block-column-is-layout-flow\">\n<figure class=\"wp-block-image aligncenter size-full is-resized\"><img decoding=\"async\" src=\"http:\/\/www.ydros.com\/wp-content\/themes\/zeever\/assets\/img\/quote.webp\" alt=\"\" class=\"wp-image-136\" style=\"width:60px\"\/><\/figure>\n<\/div>\n<\/div>\n\n\n\n<p class=\"has-text-align-center has-zeever-bodytext-color has-text-color has-tiny-font-size\"><em>About YDROS I would highlight its orientation towards continuous improvement, the search for excellence and its commitment to achieving objectives.<\/em><\/p>\n<\/div>\n\n\n\n<figure class=\"wp-block-image aligncenter size-full is-resized has-custom-border zeever-margin-top-n40 is-style-rounded\"><img fetchpriority=\"high\" decoding=\"async\" width=\"785\" height=\"1000\" src=\"http:\/\/www.ydros.com\/wp-content\/uploads\/2024\/11\/7e9ca818-2ab9-46bc-ad4e-6ce3af51a57f.jpg\" alt=\"\" class=\"wp-image-449\" style=\"border-radius:50px;width:73px;height:auto\" srcset=\"https:\/\/www.ydros.com\/wp-content\/uploads\/2024\/11\/7e9ca818-2ab9-46bc-ad4e-6ce3af51a57f.jpg 785w, https:\/\/www.ydros.com\/wp-content\/uploads\/2024\/11\/7e9ca818-2ab9-46bc-ad4e-6ce3af51a57f-236x300.jpg 236w, https:\/\/www.ydros.com\/wp-content\/uploads\/2024\/11\/7e9ca818-2ab9-46bc-ad4e-6ce3af51a57f-768x978.jpg 768w, https:\/\/www.ydros.com\/wp-content\/uploads\/2024\/11\/7e9ca818-2ab9-46bc-ad4e-6ce3af51a57f-9x12.jpg 9w\" sizes=\"(max-width: 785px) 100vw, 785px\" \/><\/figure>\n\n\n\n<h2 class=\"wp-block-heading has-text-align-center has-white-color has-text-color has-tiny-font-size\" style=\"margin-top:15px\">Blas Gom\u00e9z<\/h2>\n\n\n\n<h2 class=\"wp-block-heading has-text-align-center has-zeever-bodytext-color has-text-color\" style=\"font-size:14px;font-style:normal;font-weight:400;line-height:0\">Responsible for <\/h2>\n\n\n\n<p class=\"has-text-align-center\">ORION Prevention<\/p>\n<\/div>\n\n\n\n<div class=\"wp-block-column zeever-animate zeever-move-up zeever-delay-3 is-layout-flow wp-block-column-is-layout-flow\">\n<div class=\"wp-block-group has-border-color has-zeever-border-border-color has-black-background-color has-background is-layout-flow wp-block-group-is-layout-flow\" style=\"border-style:solid;border-width:1px;border-top-left-radius:0px;border-top-right-radius:0px;border-bottom-left-radius:0px;border-bottom-right-radius:0px;min-height:350px;margin-top:var(--wp--preset--spacing--40);margin-bottom:var(--wp--preset--spacing--40);padding-top:40px;padding-right:40px;padding-bottom:80px;padding-left:40px\">\n<div class=\"wp-block-columns is-layout-flex wp-container-core-columns-is-layout-28f84493 wp-block-columns-is-layout-flex\">\n<div class=\"wp-block-column is-layout-flow wp-block-column-is-layout-flow\">\n<figure class=\"wp-block-image aligncenter size-full is-resized\"><img decoding=\"async\" src=\"http:\/\/www.ydros.com\/wp-content\/themes\/zeever\/assets\/img\/quote.webp\" alt=\"\" class=\"wp-image-136\" style=\"width:60px\"\/><\/figure>\n<\/div>\n<\/div>\n\n\n\n<p class=\"has-text-align-center has-zeever-bodytext-color has-text-color has-tiny-font-size\"><em>Working with YDROS is learning to trust in the change<\/em>.<\/p>\n<\/div>\n\n\n\n<figure class=\"wp-block-image aligncenter size-full is-resized has-custom-border zeever-margin-top-n40 is-style-rounded\"><img decoding=\"async\" width=\"200\" height=\"200\" src=\"http:\/\/www.ydros.com\/wp-content\/uploads\/2024\/11\/59f3a5db-8aa5-43a1-8d90-70099b0f1354.jpg\" alt=\"\" class=\"wp-image-450\" style=\"border-radius:50px;width:84px;height:auto\" srcset=\"https:\/\/www.ydros.com\/wp-content\/uploads\/2024\/11\/59f3a5db-8aa5-43a1-8d90-70099b0f1354.jpg 200w, https:\/\/www.ydros.com\/wp-content\/uploads\/2024\/11\/59f3a5db-8aa5-43a1-8d90-70099b0f1354-150x150.jpg 150w, https:\/\/www.ydros.com\/wp-content\/uploads\/2024\/11\/59f3a5db-8aa5-43a1-8d90-70099b0f1354-12x12.jpg 12w\" sizes=\"(max-width: 200px) 100vw, 200px\" \/><\/figure>\n\n\n\n<h2 class=\"wp-block-heading has-text-align-center has-white-color has-text-color has-tiny-font-size\" style=\"margin-top:15px\">C\u00e1ndido Garc\u00eda<\/h2>\n\n\n\n<h2 class=\"wp-block-heading has-text-align-center has-zeever-bodytext-color has-text-color\" style=\"font-size:14px;font-style:normal;font-weight:400;line-height:0\">It Consultant<\/h2>\n<\/div>\n\n\n\n<div class=\"wp-block-column zeever-animate zeever-move-up zeever-delay-5 is-layout-flow wp-block-column-is-layout-flow\">\n<div class=\"wp-block-group has-border-color has-zeever-border-border-color has-black-background-color has-background is-layout-flow wp-block-group-is-layout-flow\" style=\"border-style:solid;border-width:1px;border-top-left-radius:0px;border-top-right-radius:0px;border-bottom-left-radius:0px;border-bottom-right-radius:0px;min-height:350px;margin-top:var(--wp--preset--spacing--40);margin-bottom:var(--wp--preset--spacing--40);padding-top:40px;padding-right:40px;padding-bottom:80px;padding-left:40px\">\n<div class=\"wp-block-columns is-layout-flex wp-container-core-columns-is-layout-28f84493 wp-block-columns-is-layout-flex\">\n<div class=\"wp-block-column is-layout-flow wp-block-column-is-layout-flow\" style=\"padding-top:var(--wp--preset--spacing--40);padding-bottom:var(--wp--preset--spacing--40)\">\n<figure class=\"wp-block-image aligncenter size-full is-resized\"><img decoding=\"async\" src=\"http:\/\/www.ydros.com\/wp-content\/themes\/zeever\/assets\/img\/quote.webp\" alt=\"\" class=\"wp-image-136\" style=\"width:60px\"\/><\/figure>\n<\/div>\n<\/div>\n\n\n\n<p class=\"has-text-align-center has-zeever-bodytext-color has-text-color has-tiny-font-size\"><em>YDROS demonstrated a capacity for adaptation exceptional to our changing needs, exceeding all our expectations<\/em><\/p>\n<\/div>\n\n\n\n<h2 class=\"wp-block-heading has-text-align-center has-white-color has-text-color has-tiny-font-size\" style=\"margin-top:15px\">Joan Sard\u00e0 Ferrer<\/h2>\n\n\n\n<h2 class=\"wp-block-heading has-text-align-center has-zeever-bodytext-color has-text-color\" style=\"font-size:14px;font-style:normal;font-weight:400;line-height:0\">Teaching and research staff UPC<\/h2>\n<\/div>\n<\/div>\n<\/div>\n<\/div>\n<\/div>\n\n\n\n<div class=\"wp-block-essential-blocks-button  root-eb-button-biudi\"><div class=\"eb-parent-wrapper eb-parent-eb-button-biudi\"><div class=\"eb-button-wrapper eb-button-alignment eb-button-biudi\"><div class=\"eb-button\"><a class=\"eb-button-anchor\" href=\"http:\/\/www.ydros.com\/en\/landing\/\" rel=\"noopener\">Neuro-Formation<\/a><\/div><\/div><\/div><\/div>\n<\/div>","protected":false},"excerpt":{"rendered":"<p>NEWS De YDROS destacar\u00eda su orientaci\u00f3n hacia la mejora continua, la b\u00fasqueda de la excelencia y su compromiso con el logro de los objetivos. Blas Gom\u00e9z Responsable de ORION Prevenci\u00f3n Trabajar con YDROS es aprender a confiar en el cambio. C\u00e1ndido Garc\u00eda Consultor Inform\u00e1tico YDROS demostr\u00f3 una capacidad de adaptaci\u00f3n excepcional a nuestras necesidades cambiantes, superando todas nuestras expectativas Joan Sard\u00e0 Ferrer Personal docente e investigador UPC<\/p>","protected":false},"author":1,"featured_media":0,"parent":129,"menu_order":0,"comment_status":"closed","ping_status":"closed","template":"elementor_canvas","meta":{"_eb_attr":"","footnotes":""},"class_list":["post-471","page","type-page","status-publish","hentry"],"_links":{"self":[{"href":"https:\/\/www.ydros.com\/en\/wp-json\/wp\/v2\/pages\/471","targetHints":{"allow":["GET"]}}],"collection":[{"href":"https:\/\/www.ydros.com\/en\/wp-json\/wp\/v2\/pages"}],"about":[{"href":"https:\/\/www.ydros.com\/en\/wp-json\/wp\/v2\/types\/page"}],"author":[{"embeddable":true,"href":"https:\/\/www.ydros.com\/en\/wp-json\/wp\/v2\/users\/1"}],"replies":[{"embeddable":true,"href":"https:\/\/www.ydros.com\/en\/wp-json\/wp\/v2\/comments?post=471"}],"version-history":[{"count":9,"href":"https:\/\/www.ydros.com\/en\/wp-json\/wp\/v2\/pages\/471\/revisions"}],"predecessor-version":[{"id":633,"href":"https:\/\/www.ydros.com\/en\/wp-json\/wp\/v2\/pages\/471\/revisions\/633"}],"up":[{"embeddable":true,"href":"https:\/\/www.ydros.com\/en\/wp-json\/wp\/v2\/pages\/129"}],"wp:attachment":[{"href":"https:\/\/www.ydros.com\/en\/wp-json\/wp\/v2\/media?parent=471"}],"curies":[{"name":"wp","href":"https:\/\/api.w.org\/{rel}","templated":true}]}}